{"id":3619,"date":"2025-05-21T10:46:01","date_gmt":"2025-05-21T08:46:01","guid":{"rendered":"https:\/\/www.maasplant.com\/?page_id=3619"},"modified":"2025-05-21T10:48:57","modified_gmt":"2025-05-21T08:48:57","slug":"jubile-jos","status":"publish","type":"page","link":"https:\/\/www.maasplant.com\/fr\/jubile-jos\/","title":{"rendered":"Jubil\u00e9 Jos"},"content":{"rendered":"<div data-elementor-type=\"wp-page\" data-elementor-id=\"3619\" class=\"elementor elementor-3619\" data-elementor-post-type=\"page\">\n\t\t\t\t<div class=\"elementor-element elementor-element-69f0623 e-flex e-con-boxed e-con e-parent\" data-id=\"69f0623\" data-element_type=\"container\" data-settings=\"{&quot;background_background&quot;:&quot;classic&quot;,&quot;jet_parallax_layout_list&quot;:[]}\">\n\t\t\t\t\t<div class=\"e-con-inner\">\n\t\t<div class=\"elementor-element elementor-element-1d615ef e-con-full e-flex e-con e-child\" data-id=\"1d615ef\" data-element_type=\"container\" data-settings=\"{&quot;jet_parallax_layout_list&quot;:[]}\">\n\t\t<div class=\"elementor-element elementor-element-f533fb0 e-con-full e-flex e-con e-child\" data-id=\"f533fb0\" data-element_type=\"container\" data-settings=\"{&quot;jet_parallax_layout_list&quot;:[]}\">\n\t\t\t\t<div class=\"elementor-element elementor-element-a4eb4a9 elementor-icon-list--layout-traditional elementor-list-item-link-full_width elementor-widget elementor-widget-icon-list\" data-id=\"a4eb4a9\" data-element_type=\"widget\" data-widget_type=\"icon-list.default\">\n\t\t\t\t<div class=\"elementor-widget-container\">\n\t\t\t\t\t\t\t<ul class=\"elementor-icon-list-items\">\n\t\t\t\t\t\t\t<li class=\"elementor-icon-list-item\">\n\t\t\t\t\t\t\t\t\t\t<span class=\"elementor-icon-list-text\">Jubil\u00e9<\/span>\n\t\t\t\t\t\t\t\t\t<\/li>\n\t\t\t\t\t\t<\/ul>\n\t\t\t\t\t\t<\/div>\n\t\t\t\t<\/div>\n\t\t\t\t<div class=\"elementor-element elementor-element-c304012 elementor-widget elementor-widget-heading\" data-id=\"c304012\" data-element_type=\"widget\" data-widget_type=\"heading.default\">\n\t\t\t\t<div class=\"elementor-widget-container\">\n\t\t\t\t\t<h1 class=\"elementor-heading-title elementor-size-default\">Jubil\u00e9 Jos\n<\/h1>\t\t\t\t<\/div>\n\t\t\t\t<\/div>\n\t\t\t\t<div class=\"elementor-element elementor-element-bd1b25b elementor-widget elementor-widget-heading\" data-id=\"bd1b25b\" data-element_type=\"widget\" data-widget_type=\"heading.default\">\n\t\t\t\t<div class=\"elementor-widget-container\">\n\t\t\t\t\t<span class=\"elementor-heading-title elementor-size-default\">Jos Suykerbuyk\n\n<\/span>\t\t\t\t<\/div>\n\t\t\t\t<\/div>\n\t\t\t\t<\/div>\n\t\t\t\t<\/div>\n\t\t<div class=\"elementor-element elementor-element-340c969 e-con-full e-flex e-con e-child\" data-id=\"340c969\" data-element_type=\"container\" data-settings=\"{&quot;jet_parallax_layout_list&quot;:[]}\">\n\t\t\t\t<div class=\"elementor-element elementor-element-a055dc5 elementor-widget elementor-widget-image\" data-id=\"a055dc5\" data-element_type=\"widget\" data-widget_type=\"image.default\">\n\t\t\t\t<div class=\"elementor-widget-container\">\n\t\t\t\t\t\t\t\t\t\t\t\t\t\t\t<img fetchpriority=\"high\" decoding=\"async\" width=\"768\" height=\"1024\" src=\"https:\/\/www.maasplant.com\/wp-content\/uploads\/2025\/05\/WhatsApp-Image-2025-04-03-at-16.02.01-2-1152x1536-1-768x1024.jpeg\" class=\"attachment-large size-large wp-image-3621\" alt=\"\" srcset=\"https:\/\/www.maasplant.com\/wp-content\/uploads\/2025\/05\/WhatsApp-Image-2025-04-03-at-16.02.01-2-1152x1536-1-768x1024.jpeg 768w, https:\/\/www.maasplant.com\/wp-content\/uploads\/2025\/05\/WhatsApp-Image-2025-04-03-at-16.02.01-2-1152x1536-1-225x300.jpeg 225w, https:\/\/www.maasplant.com\/wp-content\/uploads\/2025\/05\/WhatsApp-Image-2025-04-03-at-16.02.01-2-1152x1536-1-9x12.jpeg 9w, https:\/\/www.maasplant.com\/wp-content\/uploads\/2025\/05\/WhatsApp-Image-2025-04-03-at-16.02.01-2-1152x1536-1.jpeg 1152w\" sizes=\"(max-width: 768px) 100vw, 768px\" \/>\t\t\t\t\t\t\t\t\t\t\t\t\t\t\t<\/div>\n\t\t\t\t<\/div>\n\t\t\t\t<\/div>\n\t\t\t\t\t<\/div>\n\t\t\t\t<\/div>\n\t\t<div class=\"elementor-element elementor-element-4206bbf e-flex e-con-boxed e-con e-parent\" data-id=\"4206bbf\" data-element_type=\"container\" data-settings=\"{&quot;jet_parallax_layout_list&quot;:[]}\">\n\t\t\t\t\t<div class=\"e-con-inner\">\n\t\t<div class=\"elementor-element elementor-element-23fcacf e-con-full e-flex e-con e-child\" data-id=\"23fcacf\" data-element_type=\"container\" data-settings=\"{&quot;jet_parallax_layout_list&quot;:[]}\">\n\t\t<div class=\"elementor-element elementor-element-c95b0f5 e-con-full e-flex e-con e-child\" data-id=\"c95b0f5\" data-element_type=\"container\" data-settings=\"{&quot;jet_parallax_layout_list&quot;:[]}\">\n\t\t\t\t<div class=\"elementor-element elementor-element-c8ad384 elementor-icon-list--layout-traditional elementor-list-item-link-full_width elementor-widget elementor-widget-icon-list\" data-id=\"c8ad384\" data-element_type=\"widget\" data-widget_type=\"icon-list.default\">\n\t\t\t\t<div class=\"elementor-widget-container\">\n\t\t\t\t\t\t\t<ul class=\"elementor-icon-list-items\">\n\t\t\t\t\t\t\t<li class=\"elementor-icon-list-item\">\n\t\t\t\t\t\t\t\t\t\t<span class=\"elementor-icon-list-text\">Jubil\u00e9<\/span>\n\t\t\t\t\t\t\t\t\t<\/li>\n\t\t\t\t\t\t<\/ul>\n\t\t\t\t\t\t<\/div>\n\t\t\t\t<\/div>\n\t\t\t\t<div class=\"elementor-element elementor-element-f33661e elementor-widget elementor-widget-heading\" data-id=\"f33661e\" data-element_type=\"widget\" data-widget_type=\"heading.default\">\n\t\t\t\t<div class=\"elementor-widget-container\">\n\t\t\t\t\t<h2 class=\"elementor-heading-title elementor-size-default\">Appie<\/h2>\t\t\t\t<\/div>\n\t\t\t\t<\/div>\n\t\t\t\t<\/div>\n\t\t<div class=\"elementor-element elementor-element-4bbca4e e-con-full e-flex e-con e-child\" data-id=\"4bbca4e\" data-element_type=\"container\" data-settings=\"{&quot;jet_parallax_layout_list&quot;:[]}\">\n\t\t\t\t<div class=\"elementor-element elementor-element-568cefd elementor-widget elementor-widget-text-editor\" data-id=\"568cefd\" data-element_type=\"widget\" data-widget_type=\"text-editor.default\">\n\t\t\t\t<div class=\"elementor-widget-container\">\n\t\t\t\t\t\t\t\t\t1er avril 2025\n\nAujourd'hui, nous avons mis l'accent sur \"Notre Jos\".\n\nCela fait en effet 25 ans qu'il travaille pour Maas Plant. Nous sommes tr\u00e8s fiers et heureux de ces ann\u00e9es de d\u00e9vouement, Jos. F\u00e9licitations !\t\t\t\t\t\t\t\t<\/div>\n\t\t\t\t<\/div>\n\t\t\t\t<\/div>\n\t\t\t\t<\/div>\n\t\t\t\t\t<\/div>\n\t\t\t\t<\/div>\n\t\t\t\t<\/div>","protected":false},"excerpt":{"rendered":"<p>Jubil\u00e9 Jubil\u00e9 Jos Jos Suykerbuyk Jubil\u00e9 Appie 1er avril 2025 Aujourd'hui, nous mettons \"notre Jos\" \u00e0 l'honneur. Cela fait en effet 25 ans qu'il travaille pour Maas Plant. Nous sommes tr\u00e8s fiers et heureux de tes ann\u00e9es de d\u00e9vouement, Jos. F\u00e9licitations !<\/p>","protected":false},"author":5,"featured_media":0,"parent":0,"menu_order":0,"comment_status":"closed","ping_status":"closed","template":"","meta":{"_acf_changed":false,"inline_featured_image":false,"footnotes":""},"class_list":["post-3619","page","type-page","status-publish","hentry"],"acf":[],"yoast_head":"<!-- This site is optimized with the Yoast SEO plugin v26.2 - https:\/\/yoast.com\/wordpress\/plugins\/seo\/ -->\n<title>Jubileum Jos - www.maasplant.com<\/title>\n<meta name=\"robots\" content=\"index, follow, max-snippet:-1, max-image-preview:large, max-video-preview:-1\" \/>\n<link rel=\"canonical\" href=\"https:\/\/www.maasplant.com\/fr\/jubile-jos\/\" \/>\n<meta property=\"og:locale\" content=\"fr_FR\" \/>\n<meta property=\"og:type\" content=\"article\" \/>\n<meta property=\"og:title\" content=\"Jubileum Jos - www.maasplant.com\" \/>\n<meta property=\"og:description\" content=\"Jubileum Jubileum Jos Jos Suykerbuyk Jubileum Appie 1 April 2025 Vandaag hebben we \u201cOnze Jos\u201d in het zonnetje gezet. Hij is namelijk 25 jaar in dienst bij Maas Plant. We zijn hartstikke trots en blij met jouw jarenlange inzet Jos. Gefeliciteerd!\" \/>\n<meta property=\"og:url\" content=\"https:\/\/www.maasplant.com\/fr\/jubile-jos\/\" \/>\n<meta property=\"og:site_name\" content=\"www.maasplant.com\" \/>\n<meta property=\"article:modified_time\" content=\"2025-05-21T08:48:57+00:00\" \/>\n<meta property=\"og:image\" content=\"https:\/\/www.maasplant.com\/wp-content\/uploads\/2025\/05\/WhatsApp-Image-2025-04-03-at-16.02.01-2-1152x1536-1.jpeg\" \/>\n\t<meta property=\"og:image:width\" content=\"1152\" \/>\n\t<meta property=\"og:image:height\" content=\"1536\" \/>\n\t<meta property=\"og:image:type\" content=\"image\/jpeg\" \/>\n<meta name=\"twitter:card\" content=\"summary_large_image\" \/>\n<meta name=\"twitter:label1\" content=\"Dur\u00e9e de lecture estim\u00e9e\" \/>\n\t<meta name=\"twitter:data1\" content=\"1 minute\" \/>\n<script type=\"application\/ld+json\" class=\"yoast-schema-graph\">{\"@context\":\"https:\/\/schema.org\",\"@graph\":[{\"@type\":\"WebPage\",\"@id\":\"https:\/\/www.maasplant.com\/fr\/jubile-jos\/\",\"url\":\"https:\/\/www.maasplant.com\/fr\/jubile-jos\/\",\"name\":\"Jubileum Jos - www.maasplant.com\",\"isPartOf\":{\"@id\":\"https:\/\/www.maasplant.com\/fr\/#website\"},\"primaryImageOfPage\":{\"@id\":\"https:\/\/www.maasplant.com\/fr\/jubile-jos\/#primaryimage\"},\"image\":{\"@id\":\"https:\/\/www.maasplant.com\/fr\/jubile-jos\/#primaryimage\"},\"thumbnailUrl\":\"https:\/\/www.maasplant.com\/wp-content\/uploads\/2025\/05\/WhatsApp-Image-2025-04-03-at-16.02.01-2-1152x1536-1-768x1024.jpeg\",\"datePublished\":\"2025-05-21T08:46:01+00:00\",\"dateModified\":\"2025-05-21T08:48:57+00:00\",\"breadcrumb\":{\"@id\":\"https:\/\/www.maasplant.com\/fr\/jubile-jos\/#breadcrumb\"},\"inLanguage\":\"fr-FR\",\"potentialAction\":[{\"@type\":\"ReadAction\",\"target\":[\"https:\/\/www.maasplant.com\/fr\/jubile-jos\/\"]}]},{\"@type\":\"ImageObject\",\"inLanguage\":\"fr-FR\",\"@id\":\"https:\/\/www.maasplant.com\/fr\/jubile-jos\/#primaryimage\",\"url\":\"https:\/\/www.maasplant.com\/wp-content\/uploads\/2025\/05\/WhatsApp-Image-2025-04-03-at-16.02.01-2-1152x1536-1-768x1024.jpeg\",\"contentUrl\":\"https:\/\/www.maasplant.com\/wp-content\/uploads\/2025\/05\/WhatsApp-Image-2025-04-03-at-16.02.01-2-1152x1536-1-768x1024.jpeg\"},{\"@type\":\"BreadcrumbList\",\"@id\":\"https:\/\/www.maasplant.com\/fr\/jubile-jos\/#breadcrumb\",\"itemListElement\":[{\"@type\":\"ListItem\",\"position\":1,\"name\":\"Home\",\"item\":\"https:\/\/www.maasplant.com\/\"},{\"@type\":\"ListItem\",\"position\":2,\"name\":\"Jubileum Jos\"}]},{\"@type\":\"WebSite\",\"@id\":\"https:\/\/www.maasplant.com\/fr\/#website\",\"url\":\"https:\/\/www.maasplant.com\/fr\/\",\"name\":\"www.maasplant.com\",\"description\":\"\",\"publisher\":{\"@id\":\"https:\/\/www.maasplant.com\/fr\/#organization\"},\"potentialAction\":[{\"@type\":\"SearchAction\",\"target\":{\"@type\":\"EntryPoint\",\"urlTemplate\":\"https:\/\/www.maasplant.com\/fr\/?s={search_term_string}\"},\"query-input\":{\"@type\":\"PropertyValueSpecification\",\"valueRequired\":true,\"valueName\":\"search_term_string\"}}],\"inLanguage\":\"fr-FR\"},{\"@type\":\"Organization\",\"@id\":\"https:\/\/www.maasplant.com\/fr\/#organization\",\"name\":\"www.maasplant.com\",\"url\":\"https:\/\/www.maasplant.com\/fr\/\",\"logo\":{\"@type\":\"ImageObject\",\"inLanguage\":\"fr-FR\",\"@id\":\"https:\/\/www.maasplant.com\/fr\/#\/schema\/logo\/image\/\",\"url\":\"https:\/\/www.maasplant.com\/wp-content\/uploads\/2020\/07\/Logo-maasplant-vlinder.svg\",\"contentUrl\":\"https:\/\/www.maasplant.com\/wp-content\/uploads\/2020\/07\/Logo-maasplant-vlinder.svg\",\"width\":71,\"height\":72,\"caption\":\"www.maasplant.com\"},\"image\":{\"@id\":\"https:\/\/www.maasplant.com\/fr\/#\/schema\/logo\/image\/\"}}]}<\/script>\n<!-- \/ Yoast SEO plugin. -->","yoast_head_json":{"title":"Jubil\u00e9 Jos - www.maasplant.com","robots":{"index":"index","follow":"follow","max-snippet":"max-snippet:-1","max-image-preview":"max-image-preview:large","max-video-preview":"max-video-preview:-1"},"canonical":"https:\/\/www.maasplant.com\/fr\/jubile-jos\/","og_locale":"fr_FR","og_type":"article","og_title":"Jubileum Jos - www.maasplant.com","og_description":"Jubileum Jubileum Jos Jos Suykerbuyk Jubileum Appie 1 April 2025 Vandaag hebben we \u201cOnze Jos\u201d in het zonnetje gezet. Hij is namelijk 25 jaar in dienst bij Maas Plant. We zijn hartstikke trots en blij met jouw jarenlange inzet Jos. Gefeliciteerd!","og_url":"https:\/\/www.maasplant.com\/fr\/jubile-jos\/","og_site_name":"www.maasplant.com","article_modified_time":"2025-05-21T08:48:57+00:00","og_image":[{"width":1152,"height":1536,"url":"https:\/\/www.maasplant.com\/wp-content\/uploads\/2025\/05\/WhatsApp-Image-2025-04-03-at-16.02.01-2-1152x1536-1.jpeg","type":"image\/jpeg"}],"twitter_card":"summary_large_image","twitter_misc":{"Dur\u00e9e de lecture estim\u00e9e":"1 minute"},"schema":{"@context":"https:\/\/schema.org","@graph":[{"@type":"WebPage","@id":"https:\/\/www.maasplant.com\/fr\/jubile-jos\/","url":"https:\/\/www.maasplant.com\/fr\/jubile-jos\/","name":"Jubil\u00e9 Jos - www.maasplant.com","isPartOf":{"@id":"https:\/\/www.maasplant.com\/fr\/#website"},"primaryImageOfPage":{"@id":"https:\/\/www.maasplant.com\/fr\/jubile-jos\/#primaryimage"},"image":{"@id":"https:\/\/www.maasplant.com\/fr\/jubile-jos\/#primaryimage"},"thumbnailUrl":"https:\/\/www.maasplant.com\/wp-content\/uploads\/2025\/05\/WhatsApp-Image-2025-04-03-at-16.02.01-2-1152x1536-1-768x1024.jpeg","datePublished":"2025-05-21T08:46:01+00:00","dateModified":"2025-05-21T08:48:57+00:00","breadcrumb":{"@id":"https:\/\/www.maasplant.com\/fr\/jubile-jos\/#breadcrumb"},"inLanguage":"fr-FR","potentialAction":[{"@type":"ReadAction","target":["https:\/\/www.maasplant.com\/fr\/jubile-jos\/"]}]},{"@type":"ImageObject","inLanguage":"fr-FR","@id":"https:\/\/www.maasplant.com\/fr\/jubile-jos\/#primaryimage","url":"https:\/\/www.maasplant.com\/wp-content\/uploads\/2025\/05\/WhatsApp-Image-2025-04-03-at-16.02.01-2-1152x1536-1-768x1024.jpeg","contentUrl":"https:\/\/www.maasplant.com\/wp-content\/uploads\/2025\/05\/WhatsApp-Image-2025-04-03-at-16.02.01-2-1152x1536-1-768x1024.jpeg"},{"@type":"BreadcrumbList","@id":"https:\/\/www.maasplant.com\/fr\/jubile-jos\/#breadcrumb","itemListElement":[{"@type":"ListItem","position":1,"name":"Home","item":"https:\/\/www.maasplant.com\/"},{"@type":"ListItem","position":2,"name":"Jubileum Jos"}]},{"@type":"WebSite","@id":"https:\/\/www.maasplant.com\/fr\/#website","url":"https:\/\/www.maasplant.com\/fr\/","name":"www.maasplant.com","description":"","publisher":{"@id":"https:\/\/www.maasplant.com\/fr\/#organization"},"potentialAction":[{"@type":"SearchAction","target":{"@type":"EntryPoint","urlTemplate":"https:\/\/www.maasplant.com\/fr\/?s={search_term_string}"},"query-input":{"@type":"PropertyValueSpecification","valueRequired":true,"valueName":"search_term_string"}}],"inLanguage":"fr-FR"},{"@type":"Organization","@id":"https:\/\/www.maasplant.com\/fr\/#organization","name":"www.maasplant.com","url":"https:\/\/www.maasplant.com\/fr\/","logo":{"@type":"ImageObject","inLanguage":"fr-FR","@id":"https:\/\/www.maasplant.com\/fr\/#\/schema\/logo\/image\/","url":"https:\/\/www.maasplant.com\/wp-content\/uploads\/2020\/07\/Logo-maasplant-vlinder.svg","contentUrl":"https:\/\/www.maasplant.com\/wp-content\/uploads\/2020\/07\/Logo-maasplant-vlinder.svg","width":71,"height":72,"caption":"www.maasplant.com"},"image":{"@id":"https:\/\/www.maasplant.com\/fr\/#\/schema\/logo\/image\/"}}]}},"_links":{"self":[{"href":"https:\/\/www.maasplant.com\/fr\/wp-json\/wp\/v2\/pages\/3619","targetHints":{"allow":["GET"]}}],"collection":[{"href":"https:\/\/www.maasplant.com\/fr\/wp-json\/wp\/v2\/pages"}],"about":[{"href":"https:\/\/www.maasplant.com\/fr\/wp-json\/wp\/v2\/types\/page"}],"author":[{"embeddable":true,"href":"https:\/\/www.maasplant.com\/fr\/wp-json\/wp\/v2\/users\/5"}],"replies":[{"embeddable":true,"href":"https:\/\/www.maasplant.com\/fr\/wp-json\/wp\/v2\/comments?post=3619"}],"version-history":[{"count":7,"href":"https:\/\/www.maasplant.com\/fr\/wp-json\/wp\/v2\/pages\/3619\/revisions"}],"predecessor-version":[{"id":3627,"href":"https:\/\/www.maasplant.com\/fr\/wp-json\/wp\/v2\/pages\/3619\/revisions\/3627"}],"wp:attachment":[{"href":"https:\/\/www.maasplant.com\/fr\/wp-json\/wp\/v2\/media?parent=3619"}],"curies":[{"name":"wp","href":"https:\/\/api.w.org\/{rel}","templated":true}]}}