{"id":225,"date":"2020-07-30T11:13:35","date_gmt":"2020-07-30T11:13:35","guid":{"rendered":"https:\/\/www.maasplant.com\/?page_id=225"},"modified":"2025-03-31T08:11:46","modified_gmt":"2025-03-31T06:11:46","slug":"politique-de-confidentialite","status":"publish","type":"page","link":"https:\/\/www.maasplant.com\/fr\/politique-de-confidentialite\/","title":{"rendered":"Politique de confidentialit\u00e9"},"content":{"rendered":"<div data-elementor-type=\"wp-page\" data-elementor-id=\"225\" class=\"elementor elementor-225\" data-elementor-post-type=\"page\">\n\t\t\t\t<div class=\"elementor-element elementor-element-24e59c2 e-flex e-con-boxed e-con e-parent\" data-id=\"24e59c2\" data-element_type=\"container\" data-settings=\"{&quot;background_background&quot;:&quot;classic&quot;,&quot;jet_parallax_layout_list&quot;:[]}\">\n\t\t\t\t\t<div class=\"e-con-inner\">\n\t\t<div class=\"elementor-element elementor-element-0a66a17 e-con-full e-flex e-con e-child\" data-id=\"0a66a17\" data-element_type=\"container\" data-settings=\"{&quot;jet_parallax_layout_list&quot;:[]}\">\n\t\t<div class=\"elementor-element elementor-element-7c98e6a e-con-full e-flex e-con e-child\" data-id=\"7c98e6a\" data-element_type=\"container\" data-settings=\"{&quot;jet_parallax_layout_list&quot;:[]}\">\n\t\t\t\t<div class=\"elementor-element elementor-element-db36f95 elementor-icon-list--layout-traditional elementor-list-item-link-full_width elementor-widget elementor-widget-icon-list\" data-id=\"db36f95\" data-element_type=\"widget\" data-widget_type=\"icon-list.default\">\n\t\t\t\t<div class=\"elementor-widget-container\">\n\t\t\t\t\t\t\t<ul class=\"elementor-icon-list-items\">\n\t\t\t\t\t\t\t<li class=\"elementor-icon-list-item\">\n\t\t\t\t\t\t\t\t\t\t<span class=\"elementor-icon-list-text\">Legal<\/span>\n\t\t\t\t\t\t\t\t\t<\/li>\n\t\t\t\t\t\t<\/ul>\n\t\t\t\t\t\t<\/div>\n\t\t\t\t<\/div>\n\t\t\t\t<div class=\"elementor-element elementor-element-5c7c9df elementor-widget elementor-widget-heading\" data-id=\"5c7c9df\" data-element_type=\"widget\" data-widget_type=\"heading.default\">\n\t\t\t\t<div class=\"elementor-widget-container\">\n\t\t\t\t\t<h1 class=\"elementor-heading-title elementor-size-default\">Privacy<\/h1>\t\t\t\t<\/div>\n\t\t\t\t<\/div>\n\t\t\t\t<\/div>\n\t\t\t\t<\/div>\n\t\t<div class=\"elementor-element elementor-element-c326ad1 e-con-full e-flex e-con e-child\" data-id=\"c326ad1\" data-element_type=\"container\" data-settings=\"{&quot;jet_parallax_layout_list&quot;:[]}\">\n\t\t\t\t<div class=\"elementor-element elementor-element-7691ef4 elementor-widget elementor-widget-image\" data-id=\"7691ef4\" data-element_type=\"widget\" data-widget_type=\"image.default\">\n\t\t\t\t<div class=\"elementor-widget-container\">\n\t\t\t\t\t\t\t\t\t\t\t\t\t\t\t<img fetchpriority=\"high\" decoding=\"async\" width=\"800\" height=\"414\" src=\"https:\/\/www.maasplant.com\/wp-content\/uploads\/2020\/07\/Banner-1024x530.jpg\" class=\"attachment-large size-large wp-image-45\" alt=\"Aanleg groenvoorzieningen\" srcset=\"https:\/\/www.maasplant.com\/wp-content\/uploads\/2020\/07\/Banner-1024x530.jpg 1024w, https:\/\/www.maasplant.com\/wp-content\/uploads\/2020\/07\/Banner-300x155.jpg 300w, https:\/\/www.maasplant.com\/wp-content\/uploads\/2020\/07\/Banner-768x397.jpg 768w, https:\/\/www.maasplant.com\/wp-content\/uploads\/2020\/07\/Banner.jpg 1440w\" sizes=\"(max-width: 800px) 100vw, 800px\" \/>\t\t\t\t\t\t\t\t\t\t\t\t\t\t\t<\/div>\n\t\t\t\t<\/div>\n\t\t\t\t<\/div>\n\t\t\t\t\t<\/div>\n\t\t\t\t<\/div>\n\t\t<div class=\"elementor-element elementor-element-a19f8fe e-flex e-con-boxed e-con e-parent\" data-id=\"a19f8fe\" data-element_type=\"container\" data-settings=\"{&quot;jet_parallax_layout_list&quot;:[]}\">\n\t\t\t\t\t<div class=\"e-con-inner\">\n\t\t\t\t<div class=\"elementor-element elementor-element-e2e113f elementor-widget elementor-widget-text-editor\" data-id=\"e2e113f\" data-element_type=\"widget\" data-widget_type=\"text-editor.default\">\n\t\t\t\t<div class=\"elementor-widget-container\">\n\t\t\t\t\t\t\t\t\t<p>Politique de confidentialit\u00e9 de Maasplant BV, propri\u00e9taire de maasplant.co.uk<\/p>\n<p>1) Garanties en mati\u00e8re de protection de la vie priv\u00e9e<\/p>\n<p>La protection de la vie priv\u00e9e des visiteurs de maasplant.co.uk est une t\u00e2che importante pour nous. C'est pourquoi nous d\u00e9crivons dans notre politique de confidentialit\u00e9 les informations que nous recueillons et la mani\u00e8re dont nous les utilisons.<\/p>\n<p>2) Consentement<\/p>\n<p>En utilisant les informations et les services de maasplant.co.uk, vous acceptez notre politique de protection de la vie priv\u00e9e et les conditions g\u00e9n\u00e9rales qu'elle contient.<\/p>\n<p>3) Questions<\/p>\n<p>Si vous souhaitez recevoir plus d'informations ou si vous avez des questions concernant la politique de confidentialit\u00e9 de Maasplant BV et plus particuli\u00e8rement de maasplant.nl, vous pouvez nous contacter par courrier \u00e9lectronique. Notre adresse \u00e9lectronique est maasplant@maasplant.nl.<\/p>\n<p>4) Suivi du comportement des visiteurs<\/p>\n<p>maasplant.co.uk utilise diverses techniques pour savoir qui visite le site web, comment ce visiteur se comporte sur le site web et quelles sont les pages visit\u00e9es. Il s'agit d'une pratique courante pour les sites web, car elle fournit des informations qui contribuent \u00e0 la qualit\u00e9 de l'exp\u00e9rience de l'utilisateur. Les informations que nous enregistrons, via les cookies, comprennent les adresses IP, le type de navigateur et les pages visit\u00e9es.<\/p>\n<p>Nous contr\u00f4lons \u00e9galement l'endroit o\u00f9 les visiteurs se rendent pour la premi\u00e8re fois sur le site web et la page qu'ils quittent. Ces informations restent anonymes et ne sont pas li\u00e9es \u00e0 d'autres informations personnelles.<\/p>\n<p>5) Utilisation de cookies<\/p>\n<p>maasplant.co.uk place des cookies sur les visiteurs. Nous le faisons pour collecter des informations sur les pages que les utilisateurs visitent sur notre site web, pour savoir combien de fois les visiteurs reviennent et pour voir quelles sont les pages qui marchent bien sur le site web. Nous gardons \u00e9galement la trace des informations partag\u00e9es par le navigateur.<\/p>\n<p>6) D\u00e9sactivation des cookies<\/p>\n<p>Vous pouvez choisir de d\u00e9sactiver les cookies. Pour ce faire, vous devez utiliser les options de votre navigateur. Vous trouverez de plus amples informations sur ces options sur le site web du fournisseur de votre navigateur.<\/p>\n<p>7) Cookies de tiers<\/p>\n<p>Des tiers, tels que Google, peuvent faire de la publicit\u00e9 sur notre site web ou utiliser un autre service. Pour ce faire, ces tiers placent parfois des cookies. Ces cookies ne peuvent pas \u00eatre influenc\u00e9s par maasplant.nl.<\/p>\n<p>9) Politique de confidentialit\u00e9 des annonceurs\/tiers<\/p>\n<p>Pour plus d'informations sur les politiques de confidentialit\u00e9 de nos annonceurs et des tiers associ\u00e9s \u00e0 ce site Web, veuillez consulter les sites Web de ces parties respectives. maasplant.nl ne peut pas influencer ces cookies et les politiques de confidentialit\u00e9 des cookies plac\u00e9s par des tiers. Ces cookies n'entrent pas dans le champ d'application de la politique de confidentialit\u00e9 de maasplant.co.uk.<\/p>\t\t\t\t\t\t\t\t<\/div>\n\t\t\t\t<\/div>\n\t\t\t\t\t<\/div>\n\t\t\t\t<\/div>\n\t\t\t\t<\/div>","protected":false},"excerpt":{"rendered":"<p>Legal Privacy Privacy policy&nbsp;voor Maasplant BV, eigenaar van maasplant.nl 1) Waarborgen Privacy Het waarborgen van de privacy van bezoekers van maasplant.nl is een belangrijke taak voor ons. Daarom beschrijven we in onze privacy policy welke informatie we verzamelen en hoe we deze informatie gebruiken. 2) Toestemming Door de informatie en de diensten op maasplant.nl te [&hellip;]<\/p>","protected":false},"author":1,"featured_media":0,"parent":0,"menu_order":0,"comment_status":"closed","ping_status":"closed","template":"","meta":{"_acf_changed":false,"inline_featured_image":false,"footnotes":""},"class_list":["post-225","page","type-page","status-publish","hentry"],"acf":[],"yoast_head":"<!-- This site is optimized with the Yoast SEO plugin v26.2 - https:\/\/yoast.com\/wordpress\/plugins\/seo\/ -->\n<title>Privacybeleid | Maasplant BV<\/title>\n<meta name=\"description\" content=\"Het waarborgen van de privacy van de bezoekers op onze website is belangrijk. Lees in ons beleid hoe wij omgaan met uw persoonsgegevens.\" \/>\n<meta name=\"robots\" content=\"index, follow, max-snippet:-1, max-image-preview:large, max-video-preview:-1\" \/>\n<link rel=\"canonical\" href=\"https:\/\/www.maasplant.com\/fr\/politique-de-confidentialite\/\" \/>\n<meta property=\"og:locale\" content=\"fr_FR\" \/>\n<meta property=\"og:type\" content=\"article\" \/>\n<meta property=\"og:title\" content=\"Privacybeleid | Maasplant BV\" \/>\n<meta property=\"og:description\" content=\"Het waarborgen van de privacy van de bezoekers op onze website is belangrijk. Lees in ons beleid hoe wij omgaan met uw persoonsgegevens.\" \/>\n<meta property=\"og:url\" content=\"https:\/\/www.maasplant.com\/fr\/politique-de-confidentialite\/\" \/>\n<meta property=\"og:site_name\" content=\"www.maasplant.com\" \/>\n<meta property=\"article:modified_time\" content=\"2025-03-31T06:11:46+00:00\" \/>\n<meta property=\"og:image\" content=\"https:\/\/www.maasplant.com\/wp-content\/uploads\/2020\/07\/Banner.jpg\" \/>\n\t<meta property=\"og:image:width\" content=\"1440\" \/>\n\t<meta property=\"og:image:height\" content=\"745\" \/>\n\t<meta property=\"og:image:type\" content=\"image\/jpeg\" \/>\n<meta name=\"twitter:card\" content=\"summary_large_image\" \/>\n<meta name=\"twitter:label1\" content=\"Dur\u00e9e de lecture estim\u00e9e\" \/>\n\t<meta name=\"twitter:data1\" content=\"3 minutes\" \/>\n<script type=\"application\/ld+json\" class=\"yoast-schema-graph\">{\"@context\":\"https:\/\/schema.org\",\"@graph\":[{\"@type\":\"WebPage\",\"@id\":\"https:\/\/www.maasplant.com\/fr\/politique-de-confidentialite\/\",\"url\":\"https:\/\/www.maasplant.com\/fr\/politique-de-confidentialite\/\",\"name\":\"Privacybeleid | Maasplant BV\",\"isPartOf\":{\"@id\":\"https:\/\/www.maasplant.com\/fr\/#website\"},\"primaryImageOfPage\":{\"@id\":\"https:\/\/www.maasplant.com\/fr\/politique-de-confidentialite\/#primaryimage\"},\"image\":{\"@id\":\"https:\/\/www.maasplant.com\/fr\/politique-de-confidentialite\/#primaryimage\"},\"thumbnailUrl\":\"https:\/\/www.maasplant.com\/wp-content\/uploads\/2020\/07\/Banner-1024x530.jpg\",\"datePublished\":\"2020-07-30T11:13:35+00:00\",\"dateModified\":\"2025-03-31T06:11:46+00:00\",\"description\":\"Het waarborgen van de privacy van de bezoekers op onze website is belangrijk. Lees in ons beleid hoe wij omgaan met uw persoonsgegevens.\",\"breadcrumb\":{\"@id\":\"https:\/\/www.maasplant.com\/fr\/politique-de-confidentialite\/#breadcrumb\"},\"inLanguage\":\"fr-FR\",\"potentialAction\":[{\"@type\":\"ReadAction\",\"target\":[\"https:\/\/www.maasplant.com\/fr\/politique-de-confidentialite\/\"]}]},{\"@type\":\"ImageObject\",\"inLanguage\":\"fr-FR\",\"@id\":\"https:\/\/www.maasplant.com\/fr\/politique-de-confidentialite\/#primaryimage\",\"url\":\"https:\/\/www.maasplant.com\/wp-content\/uploads\/2020\/07\/Banner-1024x530.jpg\",\"contentUrl\":\"https:\/\/www.maasplant.com\/wp-content\/uploads\/2020\/07\/Banner-1024x530.jpg\"},{\"@type\":\"BreadcrumbList\",\"@id\":\"https:\/\/www.maasplant.com\/fr\/politique-de-confidentialite\/#breadcrumb\",\"itemListElement\":[{\"@type\":\"ListItem\",\"position\":1,\"name\":\"Home\",\"item\":\"https:\/\/www.maasplant.com\/\"},{\"@type\":\"ListItem\",\"position\":2,\"name\":\"Privacybeleid\"}]},{\"@type\":\"WebSite\",\"@id\":\"https:\/\/www.maasplant.com\/fr\/#website\",\"url\":\"https:\/\/www.maasplant.com\/fr\/\",\"name\":\"www.maasplant.com\",\"description\":\"\",\"publisher\":{\"@id\":\"https:\/\/www.maasplant.com\/fr\/#organization\"},\"potentialAction\":[{\"@type\":\"SearchAction\",\"target\":{\"@type\":\"EntryPoint\",\"urlTemplate\":\"https:\/\/www.maasplant.com\/fr\/?s={search_term_string}\"},\"query-input\":{\"@type\":\"PropertyValueSpecification\",\"valueRequired\":true,\"valueName\":\"search_term_string\"}}],\"inLanguage\":\"fr-FR\"},{\"@type\":\"Organization\",\"@id\":\"https:\/\/www.maasplant.com\/fr\/#organization\",\"name\":\"www.maasplant.com\",\"url\":\"https:\/\/www.maasplant.com\/fr\/\",\"logo\":{\"@type\":\"ImageObject\",\"inLanguage\":\"fr-FR\",\"@id\":\"https:\/\/www.maasplant.com\/fr\/#\/schema\/logo\/image\/\",\"url\":\"https:\/\/www.maasplant.com\/wp-content\/uploads\/2020\/07\/Logo-maasplant-vlinder.svg\",\"contentUrl\":\"https:\/\/www.maasplant.com\/wp-content\/uploads\/2020\/07\/Logo-maasplant-vlinder.svg\",\"width\":71,\"height\":72,\"caption\":\"www.maasplant.com\"},\"image\":{\"@id\":\"https:\/\/www.maasplant.com\/fr\/#\/schema\/logo\/image\/\"}}]}<\/script>\n<!-- \/ Yoast SEO plugin. -->","yoast_head_json":{"title":"Politique de confidentialit\u00e9 | Maasplant BV","description":"Il est important de prot\u00e9ger la vie priv\u00e9e des visiteurs de notre site web. Veuillez lire notre politique sur la mani\u00e8re dont nous traitons vos donn\u00e9es personnelles.","robots":{"index":"index","follow":"follow","max-snippet":"max-snippet:-1","max-image-preview":"max-image-preview:large","max-video-preview":"max-video-preview:-1"},"canonical":"https:\/\/www.maasplant.com\/fr\/politique-de-confidentialite\/","og_locale":"fr_FR","og_type":"article","og_title":"Privacybeleid | Maasplant BV","og_description":"Het waarborgen van de privacy van de bezoekers op onze website is belangrijk. Lees in ons beleid hoe wij omgaan met uw persoonsgegevens.","og_url":"https:\/\/www.maasplant.com\/fr\/politique-de-confidentialite\/","og_site_name":"www.maasplant.com","article_modified_time":"2025-03-31T06:11:46+00:00","og_image":[{"width":1440,"height":745,"url":"https:\/\/www.maasplant.com\/wp-content\/uploads\/2020\/07\/Banner.jpg","type":"image\/jpeg"}],"twitter_card":"summary_large_image","twitter_misc":{"Dur\u00e9e de lecture estim\u00e9e":"3 minutes"},"schema":{"@context":"https:\/\/schema.org","@graph":[{"@type":"WebPage","@id":"https:\/\/www.maasplant.com\/fr\/politique-de-confidentialite\/","url":"https:\/\/www.maasplant.com\/fr\/politique-de-confidentialite\/","name":"Politique de confidentialit\u00e9 | Maasplant BV","isPartOf":{"@id":"https:\/\/www.maasplant.com\/fr\/#website"},"primaryImageOfPage":{"@id":"https:\/\/www.maasplant.com\/fr\/politique-de-confidentialite\/#primaryimage"},"image":{"@id":"https:\/\/www.maasplant.com\/fr\/politique-de-confidentialite\/#primaryimage"},"thumbnailUrl":"https:\/\/www.maasplant.com\/wp-content\/uploads\/2020\/07\/Banner-1024x530.jpg","datePublished":"2020-07-30T11:13:35+00:00","dateModified":"2025-03-31T06:11:46+00:00","description":"Il est important de prot\u00e9ger la vie priv\u00e9e des visiteurs de notre site web. Veuillez lire notre politique sur la mani\u00e8re dont nous traitons vos donn\u00e9es personnelles.","breadcrumb":{"@id":"https:\/\/www.maasplant.com\/fr\/politique-de-confidentialite\/#breadcrumb"},"inLanguage":"fr-FR","potentialAction":[{"@type":"ReadAction","target":["https:\/\/www.maasplant.com\/fr\/politique-de-confidentialite\/"]}]},{"@type":"ImageObject","inLanguage":"fr-FR","@id":"https:\/\/www.maasplant.com\/fr\/politique-de-confidentialite\/#primaryimage","url":"https:\/\/www.maasplant.com\/wp-content\/uploads\/2020\/07\/Banner-1024x530.jpg","contentUrl":"https:\/\/www.maasplant.com\/wp-content\/uploads\/2020\/07\/Banner-1024x530.jpg"},{"@type":"BreadcrumbList","@id":"https:\/\/www.maasplant.com\/fr\/politique-de-confidentialite\/#breadcrumb","itemListElement":[{"@type":"ListItem","position":1,"name":"Home","item":"https:\/\/www.maasplant.com\/"},{"@type":"ListItem","position":2,"name":"Privacybeleid"}]},{"@type":"WebSite","@id":"https:\/\/www.maasplant.com\/fr\/#website","url":"https:\/\/www.maasplant.com\/fr\/","name":"www.maasplant.com","description":"","publisher":{"@id":"https:\/\/www.maasplant.com\/fr\/#organization"},"potentialAction":[{"@type":"SearchAction","target":{"@type":"EntryPoint","urlTemplate":"https:\/\/www.maasplant.com\/fr\/?s={search_term_string}"},"query-input":{"@type":"PropertyValueSpecification","valueRequired":true,"valueName":"search_term_string"}}],"inLanguage":"fr-FR"},{"@type":"Organization","@id":"https:\/\/www.maasplant.com\/fr\/#organization","name":"www.maasplant.com","url":"https:\/\/www.maasplant.com\/fr\/","logo":{"@type":"ImageObject","inLanguage":"fr-FR","@id":"https:\/\/www.maasplant.com\/fr\/#\/schema\/logo\/image\/","url":"https:\/\/www.maasplant.com\/wp-content\/uploads\/2020\/07\/Logo-maasplant-vlinder.svg","contentUrl":"https:\/\/www.maasplant.com\/wp-content\/uploads\/2020\/07\/Logo-maasplant-vlinder.svg","width":71,"height":72,"caption":"www.maasplant.com"},"image":{"@id":"https:\/\/www.maasplant.com\/fr\/#\/schema\/logo\/image\/"}}]}},"_links":{"self":[{"href":"https:\/\/www.maasplant.com\/fr\/wp-json\/wp\/v2\/pages\/225","targetHints":{"allow":["GET"]}}],"collection":[{"href":"https:\/\/www.maasplant.com\/fr\/wp-json\/wp\/v2\/pages"}],"about":[{"href":"https:\/\/www.maasplant.com\/fr\/wp-json\/wp\/v2\/types\/page"}],"author":[{"embeddable":true,"href":"https:\/\/www.maasplant.com\/fr\/wp-json\/wp\/v2\/users\/1"}],"replies":[{"embeddable":true,"href":"https:\/\/www.maasplant.com\/fr\/wp-json\/wp\/v2\/comments?post=225"}],"version-history":[{"count":6,"href":"https:\/\/www.maasplant.com\/fr\/wp-json\/wp\/v2\/pages\/225\/revisions"}],"predecessor-version":[{"id":3242,"href":"https:\/\/www.maasplant.com\/fr\/wp-json\/wp\/v2\/pages\/225\/revisions\/3242"}],"wp:attachment":[{"href":"https:\/\/www.maasplant.com\/fr\/wp-json\/wp\/v2\/media?parent=225"}],"curies":[{"name":"wp","href":"https:\/\/api.w.org\/{rel}","templated":true}]}}