{"id":193,"date":"2020-07-23T10:46:27","date_gmt":"2020-07-23T10:46:27","guid":{"rendered":"https:\/\/www.maasplant.com\/?page_id=193"},"modified":"2025-03-31T09:09:50","modified_gmt":"2025-03-31T07:09:50","slug":"postes-vacants","status":"publish","type":"page","link":"https:\/\/www.maasplant.com\/fr\/postes-vacants\/","title":{"rendered":"Postes vacants"},"content":{"rendered":"<div data-elementor-type=\"wp-page\" data-elementor-id=\"193\" class=\"elementor elementor-193\" data-elementor-post-type=\"page\">\n\t\t\t\t<div class=\"elementor-element elementor-element-971a968 e-flex e-con-boxed e-con e-parent\" data-id=\"971a968\" data-element_type=\"container\" data-settings=\"{&quot;background_background&quot;:&quot;classic&quot;,&quot;jet_parallax_layout_list&quot;:[]}\">\n\t\t\t\t\t<div class=\"e-con-inner\">\n\t\t<div class=\"elementor-element elementor-element-73889f3 e-con-full e-flex e-con e-child\" data-id=\"73889f3\" data-element_type=\"container\" data-settings=\"{&quot;jet_parallax_layout_list&quot;:[]}\">\n\t\t<div class=\"elementor-element elementor-element-42a3754 e-con-full e-flex e-con e-child\" data-id=\"42a3754\" data-element_type=\"container\" data-settings=\"{&quot;jet_parallax_layout_list&quot;:[]}\">\n\t\t\t\t<div class=\"elementor-element elementor-element-2c16f43 elementor-icon-list--layout-traditional elementor-list-item-link-full_width elementor-widget elementor-widget-icon-list\" data-id=\"2c16f43\" data-element_type=\"widget\" data-widget_type=\"icon-list.default\">\n\t\t\t\t<div class=\"elementor-widget-container\">\n\t\t\t\t\t\t\t<ul class=\"elementor-icon-list-items\">\n\t\t\t\t\t\t\t<li class=\"elementor-icon-list-item\">\n\t\t\t\t\t\t\t\t\t\t<span class=\"elementor-icon-list-text\">Postes vacants<\/span>\n\t\t\t\t\t\t\t\t\t<\/li>\n\t\t\t\t\t\t<\/ul>\n\t\t\t\t\t\t<\/div>\n\t\t\t\t<\/div>\n\t\t\t\t<div class=\"elementor-element elementor-element-f699e93 elementor-widget elementor-widget-heading\" data-id=\"f699e93\" data-element_type=\"widget\" data-widget_type=\"heading.default\">\n\t\t\t\t<div class=\"elementor-widget-container\">\n\t\t\t\t\t<h1 class=\"elementor-heading-title elementor-size-default\">Postes vacants<\/h1>\t\t\t\t<\/div>\n\t\t\t\t<\/div>\n\t\t\t\t<div class=\"elementor-element elementor-element-9efc088 elementor-widget elementor-widget-heading\" data-id=\"9efc088\" data-element_type=\"widget\" data-widget_type=\"heading.default\">\n\t\t\t\t<div class=\"elementor-widget-container\">\n\t\t\t\t\t<span class=\"elementor-heading-title elementor-size-default\"><span style=\"color: #000000;font-family: 'Open Sans', Arial, sans-serif;text-align: justify\">Il n'y a pas de postes vacants pour le moment. Vous pouvez toujours soumettre une candidature ouverte. Vous pouvez le faire en envoyant un courriel \u00e0 <a href=\"mailto:jackomaas@maasplant.nl\">jackomaas@maasplant.nl<\/a><\/span><\/span>\t\t\t\t<\/div>\n\t\t\t\t<\/div>\n\t\t\t\t<\/div>\n\t\t\t\t<\/div>\n\t\t<div class=\"elementor-element elementor-element-7ccf182 e-con-full e-flex e-con e-child\" data-id=\"7ccf182\" data-element_type=\"container\" data-settings=\"{&quot;jet_parallax_layout_list&quot;:[]}\">\n\t\t\t\t<div class=\"elementor-element elementor-element-eb03de1 elementor-widget elementor-widget-image\" data-id=\"eb03de1\" data-element_type=\"widget\" data-widget_type=\"image.default\">\n\t\t\t\t<div class=\"elementor-widget-container\">\n\t\t\t\t\t\t\t\t\t\t\t\t\t\t\t<img fetchpriority=\"high\" decoding=\"async\" width=\"800\" height=\"414\" src=\"https:\/\/www.maasplant.com\/wp-content\/uploads\/2020\/07\/Banner-1024x530.jpg\" class=\"attachment-large size-large wp-image-45\" alt=\"Aanleg groenvoorzieningen\" srcset=\"https:\/\/www.maasplant.com\/wp-content\/uploads\/2020\/07\/Banner-1024x530.jpg 1024w, https:\/\/www.maasplant.com\/wp-content\/uploads\/2020\/07\/Banner-300x155.jpg 300w, https:\/\/www.maasplant.com\/wp-content\/uploads\/2020\/07\/Banner-768x397.jpg 768w, https:\/\/www.maasplant.com\/wp-content\/uploads\/2020\/07\/Banner.jpg 1440w\" sizes=\"(max-width: 800px) 100vw, 800px\" \/>\t\t\t\t\t\t\t\t\t\t\t\t\t\t\t<\/div>\n\t\t\t\t<\/div>\n\t\t\t\t<\/div>\n\t\t\t\t\t<\/div>\n\t\t\t\t<\/div>\n\t\t\t\t<\/div>","protected":false},"excerpt":{"rendered":"<p>Vacatures Vacatures Er zijn op dit moment geen vacatures beschikbaar. U mag altijd een open sollicitatie doen. Dit kan door te mailen naar: jackomaas@maasplant.nl<\/p>","protected":false},"author":1,"featured_media":0,"parent":0,"menu_order":0,"comment_status":"closed","ping_status":"closed","template":"","meta":{"_acf_changed":false,"inline_featured_image":false,"footnotes":""},"class_list":["post-193","page","type-page","status-publish","hentry"],"acf":[],"yoast_head":"<!-- This site is optimized with the Yoast SEO plugin v26.2 - https:\/\/yoast.com\/wordpress\/plugins\/seo\/ -->\n<title>Vacatures | Maasplant BV<\/title>\n<meta name=\"description\" content=\"Bent u op zoek naar een nieuwe uitdaging en wilt u werken in een leuk familiebedrijf? Bekijk onze actuele vacatures op onze website.\" \/>\n<meta name=\"robots\" content=\"index, follow, max-snippet:-1, max-image-preview:large, max-video-preview:-1\" \/>\n<link rel=\"canonical\" href=\"https:\/\/www.maasplant.com\/fr\/postes-vacants\/\" \/>\n<meta property=\"og:locale\" content=\"fr_FR\" \/>\n<meta property=\"og:type\" content=\"article\" \/>\n<meta property=\"og:title\" content=\"Vacatures | Maasplant BV\" \/>\n<meta property=\"og:description\" content=\"Bent u op zoek naar een nieuwe uitdaging en wilt u werken in een leuk familiebedrijf? Bekijk onze actuele vacatures op onze website.\" \/>\n<meta property=\"og:url\" content=\"https:\/\/www.maasplant.com\/fr\/postes-vacants\/\" \/>\n<meta property=\"og:site_name\" content=\"www.maasplant.com\" \/>\n<meta property=\"article:modified_time\" content=\"2025-03-31T07:09:50+00:00\" \/>\n<meta property=\"og:image\" content=\"https:\/\/www.maasplant.com\/wp-content\/uploads\/2020\/07\/Banner.jpg\" \/>\n\t<meta property=\"og:image:width\" content=\"1440\" \/>\n\t<meta property=\"og:image:height\" content=\"745\" \/>\n\t<meta property=\"og:image:type\" content=\"image\/jpeg\" \/>\n<meta name=\"twitter:card\" content=\"summary_large_image\" \/>\n<meta name=\"twitter:label1\" content=\"Dur\u00e9e de lecture estim\u00e9e\" \/>\n\t<meta name=\"twitter:data1\" content=\"1 minute\" \/>\n<script type=\"application\/ld+json\" class=\"yoast-schema-graph\">{\"@context\":\"https:\/\/schema.org\",\"@graph\":[{\"@type\":\"WebPage\",\"@id\":\"https:\/\/www.maasplant.com\/fr\/postes-vacants\/\",\"url\":\"https:\/\/www.maasplant.com\/fr\/postes-vacants\/\",\"name\":\"Vacatures | Maasplant BV\",\"isPartOf\":{\"@id\":\"https:\/\/www.maasplant.com\/fr\/#website\"},\"primaryImageOfPage\":{\"@id\":\"https:\/\/www.maasplant.com\/fr\/postes-vacants\/#primaryimage\"},\"image\":{\"@id\":\"https:\/\/www.maasplant.com\/fr\/postes-vacants\/#primaryimage\"},\"thumbnailUrl\":\"https:\/\/www.maasplant.com\/wp-content\/uploads\/2020\/07\/Banner-1024x530.jpg\",\"datePublished\":\"2020-07-23T10:46:27+00:00\",\"dateModified\":\"2025-03-31T07:09:50+00:00\",\"description\":\"Bent u op zoek naar een nieuwe uitdaging en wilt u werken in een leuk familiebedrijf? Bekijk onze actuele vacatures op onze website.\",\"breadcrumb\":{\"@id\":\"https:\/\/www.maasplant.com\/fr\/postes-vacants\/#breadcrumb\"},\"inLanguage\":\"fr-FR\",\"potentialAction\":[{\"@type\":\"ReadAction\",\"target\":[\"https:\/\/www.maasplant.com\/fr\/postes-vacants\/\"]}]},{\"@type\":\"ImageObject\",\"inLanguage\":\"fr-FR\",\"@id\":\"https:\/\/www.maasplant.com\/fr\/postes-vacants\/#primaryimage\",\"url\":\"https:\/\/www.maasplant.com\/wp-content\/uploads\/2020\/07\/Banner-1024x530.jpg\",\"contentUrl\":\"https:\/\/www.maasplant.com\/wp-content\/uploads\/2020\/07\/Banner-1024x530.jpg\"},{\"@type\":\"BreadcrumbList\",\"@id\":\"https:\/\/www.maasplant.com\/fr\/postes-vacants\/#breadcrumb\",\"itemListElement\":[{\"@type\":\"ListItem\",\"position\":1,\"name\":\"Home\",\"item\":\"https:\/\/www.maasplant.com\/\"},{\"@type\":\"ListItem\",\"position\":2,\"name\":\"Vacatures\"}]},{\"@type\":\"WebSite\",\"@id\":\"https:\/\/www.maasplant.com\/fr\/#website\",\"url\":\"https:\/\/www.maasplant.com\/fr\/\",\"name\":\"www.maasplant.com\",\"description\":\"\",\"publisher\":{\"@id\":\"https:\/\/www.maasplant.com\/fr\/#organization\"},\"potentialAction\":[{\"@type\":\"SearchAction\",\"target\":{\"@type\":\"EntryPoint\",\"urlTemplate\":\"https:\/\/www.maasplant.com\/fr\/?s={search_term_string}\"},\"query-input\":{\"@type\":\"PropertyValueSpecification\",\"valueRequired\":true,\"valueName\":\"search_term_string\"}}],\"inLanguage\":\"fr-FR\"},{\"@type\":\"Organization\",\"@id\":\"https:\/\/www.maasplant.com\/fr\/#organization\",\"name\":\"www.maasplant.com\",\"url\":\"https:\/\/www.maasplant.com\/fr\/\",\"logo\":{\"@type\":\"ImageObject\",\"inLanguage\":\"fr-FR\",\"@id\":\"https:\/\/www.maasplant.com\/fr\/#\/schema\/logo\/image\/\",\"url\":\"https:\/\/www.maasplant.com\/wp-content\/uploads\/2020\/07\/Logo-maasplant-vlinder.svg\",\"contentUrl\":\"https:\/\/www.maasplant.com\/wp-content\/uploads\/2020\/07\/Logo-maasplant-vlinder.svg\",\"width\":71,\"height\":72,\"caption\":\"www.maasplant.com\"},\"image\":{\"@id\":\"https:\/\/www.maasplant.com\/fr\/#\/schema\/logo\/image\/\"}}]}<\/script>\n<!-- \/ Yoast SEO plugin. -->","yoast_head_json":{"title":"Offres d'emploi - Maasplant BV","description":"Vous \u00eates \u00e0 la recherche d'un nouveau d\u00e9fi et souhaitez travailler dans une entreprise familiale agr\u00e9able ? Consultez nos offres d'emploi actuelles sur notre site web.","robots":{"index":"index","follow":"follow","max-snippet":"max-snippet:-1","max-image-preview":"max-image-preview:large","max-video-preview":"max-video-preview:-1"},"canonical":"https:\/\/www.maasplant.com\/fr\/postes-vacants\/","og_locale":"fr_FR","og_type":"article","og_title":"Vacatures | Maasplant BV","og_description":"Bent u op zoek naar een nieuwe uitdaging en wilt u werken in een leuk familiebedrijf? Bekijk onze actuele vacatures op onze website.","og_url":"https:\/\/www.maasplant.com\/fr\/postes-vacants\/","og_site_name":"www.maasplant.com","article_modified_time":"2025-03-31T07:09:50+00:00","og_image":[{"width":1440,"height":745,"url":"https:\/\/www.maasplant.com\/wp-content\/uploads\/2020\/07\/Banner.jpg","type":"image\/jpeg"}],"twitter_card":"summary_large_image","twitter_misc":{"Dur\u00e9e de lecture estim\u00e9e":"1 minute"},"schema":{"@context":"https:\/\/schema.org","@graph":[{"@type":"WebPage","@id":"https:\/\/www.maasplant.com\/fr\/postes-vacants\/","url":"https:\/\/www.maasplant.com\/fr\/postes-vacants\/","name":"Offres d'emploi - Maasplant BV","isPartOf":{"@id":"https:\/\/www.maasplant.com\/fr\/#website"},"primaryImageOfPage":{"@id":"https:\/\/www.maasplant.com\/fr\/postes-vacants\/#primaryimage"},"image":{"@id":"https:\/\/www.maasplant.com\/fr\/postes-vacants\/#primaryimage"},"thumbnailUrl":"https:\/\/www.maasplant.com\/wp-content\/uploads\/2020\/07\/Banner-1024x530.jpg","datePublished":"2020-07-23T10:46:27+00:00","dateModified":"2025-03-31T07:09:50+00:00","description":"Vous \u00eates \u00e0 la recherche d'un nouveau d\u00e9fi et souhaitez travailler dans une entreprise familiale agr\u00e9able ? Consultez nos offres d'emploi actuelles sur notre site web.","breadcrumb":{"@id":"https:\/\/www.maasplant.com\/fr\/postes-vacants\/#breadcrumb"},"inLanguage":"fr-FR","potentialAction":[{"@type":"ReadAction","target":["https:\/\/www.maasplant.com\/fr\/postes-vacants\/"]}]},{"@type":"ImageObject","inLanguage":"fr-FR","@id":"https:\/\/www.maasplant.com\/fr\/postes-vacants\/#primaryimage","url":"https:\/\/www.maasplant.com\/wp-content\/uploads\/2020\/07\/Banner-1024x530.jpg","contentUrl":"https:\/\/www.maasplant.com\/wp-content\/uploads\/2020\/07\/Banner-1024x530.jpg"},{"@type":"BreadcrumbList","@id":"https:\/\/www.maasplant.com\/fr\/postes-vacants\/#breadcrumb","itemListElement":[{"@type":"ListItem","position":1,"name":"Home","item":"https:\/\/www.maasplant.com\/"},{"@type":"ListItem","position":2,"name":"Vacatures"}]},{"@type":"WebSite","@id":"https:\/\/www.maasplant.com\/fr\/#website","url":"https:\/\/www.maasplant.com\/fr\/","name":"www.maasplant.com","description":"","publisher":{"@id":"https:\/\/www.maasplant.com\/fr\/#organization"},"potentialAction":[{"@type":"SearchAction","target":{"@type":"EntryPoint","urlTemplate":"https:\/\/www.maasplant.com\/fr\/?s={search_term_string}"},"query-input":{"@type":"PropertyValueSpecification","valueRequired":true,"valueName":"search_term_string"}}],"inLanguage":"fr-FR"},{"@type":"Organization","@id":"https:\/\/www.maasplant.com\/fr\/#organization","name":"www.maasplant.com","url":"https:\/\/www.maasplant.com\/fr\/","logo":{"@type":"ImageObject","inLanguage":"fr-FR","@id":"https:\/\/www.maasplant.com\/fr\/#\/schema\/logo\/image\/","url":"https:\/\/www.maasplant.com\/wp-content\/uploads\/2020\/07\/Logo-maasplant-vlinder.svg","contentUrl":"https:\/\/www.maasplant.com\/wp-content\/uploads\/2020\/07\/Logo-maasplant-vlinder.svg","width":71,"height":72,"caption":"www.maasplant.com"},"image":{"@id":"https:\/\/www.maasplant.com\/fr\/#\/schema\/logo\/image\/"}}]}},"_links":{"self":[{"href":"https:\/\/www.maasplant.com\/fr\/wp-json\/wp\/v2\/pages\/193","targetHints":{"allow":["GET"]}}],"collection":[{"href":"https:\/\/www.maasplant.com\/fr\/wp-json\/wp\/v2\/pages"}],"about":[{"href":"https:\/\/www.maasplant.com\/fr\/wp-json\/wp\/v2\/types\/page"}],"author":[{"embeddable":true,"href":"https:\/\/www.maasplant.com\/fr\/wp-json\/wp\/v2\/users\/1"}],"replies":[{"embeddable":true,"href":"https:\/\/www.maasplant.com\/fr\/wp-json\/wp\/v2\/comments?post=193"}],"version-history":[{"count":6,"href":"https:\/\/www.maasplant.com\/fr\/wp-json\/wp\/v2\/pages\/193\/revisions"}],"predecessor-version":[{"id":3266,"href":"https:\/\/www.maasplant.com\/fr\/wp-json\/wp\/v2\/pages\/193\/revisions\/3266"}],"wp:attachment":[{"href":"https:\/\/www.maasplant.com\/fr\/wp-json\/wp\/v2\/media?parent=193"}],"curies":[{"name":"wp","href":"https:\/\/api.w.org\/{rel}","templated":true}]}}