{"id":1295,"date":"2021-05-20T11:36:24","date_gmt":"2021-05-20T09:36:24","guid":{"rendered":"https:\/\/www.maasplant.com\/?page_id=1295"},"modified":"2025-06-04T13:20:08","modified_gmt":"2025-06-04T11:20:08","slug":"plantation-de-jardins-2","status":"publish","type":"page","link":"https:\/\/www.maasplant.com\/fr\/plantation-de-jardins-2\/","title":{"rendered":"Plantation de jardins"},"content":{"rendered":"","protected":false},"excerpt":{"rendered":"","protected":false},"author":3,"featured_media":0,"parent":0,"menu_order":0,"comment_status":"closed","ping_status":"closed","template":"","meta":{"_acf_changed":false,"inline_featured_image":false,"footnotes":""},"class_list":["post-1295","page","type-page","status-publish","hentry"],"acf":[],"yoast_head":"<!-- This site is optimized with the Yoast SEO plugin v26.2 - https:\/\/yoast.com\/wordpress\/plugins\/seo\/ -->\n<title>Groot aanbod tuin beplanting | Maas Plant BV<\/title>\n<meta name=\"description\" content=\"Bent u op zoek naar een ervaren planten leverancier met een passie voor groen? Maas Plant heeft een groot aanbod tuin beplanting. Bekijk nu ons assortiment.\" \/>\n<meta name=\"robots\" content=\"index, follow, max-snippet:-1, max-image-preview:large, max-video-preview:-1\" \/>\n<link rel=\"canonical\" href=\"https:\/\/www.maasplant.com\/fr\/plantation-de-jardins-2\/\" \/>\n<meta property=\"og:locale\" content=\"fr_FR\" \/>\n<meta property=\"og:type\" content=\"article\" \/>\n<meta property=\"og:title\" content=\"Groot aanbod tuin beplanting | Maas Plant BV\" \/>\n<meta property=\"og:description\" content=\"Bent u op zoek naar een ervaren planten leverancier met een passie voor groen? Maas Plant heeft een groot aanbod tuin beplanting. Bekijk nu ons assortiment.\" \/>\n<meta property=\"og:url\" content=\"https:\/\/www.maasplant.com\/fr\/plantation-de-jardins-2\/\" \/>\n<meta property=\"og:site_name\" content=\"www.maasplant.com\" \/>\n<meta property=\"article:modified_time\" content=\"2025-06-04T11:20:08+00:00\" \/>\n<meta name=\"twitter:card\" content=\"summary_large_image\" \/>\n<script type=\"application\/ld+json\" class=\"yoast-schema-graph\">{\"@context\":\"https:\/\/schema.org\",\"@graph\":[{\"@type\":\"WebPage\",\"@id\":\"https:\/\/www.maasplant.com\/fr\/plantation-de-jardins-2\/\",\"url\":\"https:\/\/www.maasplant.com\/fr\/plantation-de-jardins-2\/\",\"name\":\"Groot aanbod tuin beplanting | Maas Plant BV\",\"isPartOf\":{\"@id\":\"https:\/\/www.maasplant.com\/fr\/#website\"},\"datePublished\":\"2021-05-20T09:36:24+00:00\",\"dateModified\":\"2025-06-04T11:20:08+00:00\",\"description\":\"Bent u op zoek naar een ervaren planten leverancier met een passie voor groen? Maas Plant heeft een groot aanbod tuin beplanting. Bekijk nu ons assortiment.\",\"breadcrumb\":{\"@id\":\"https:\/\/www.maasplant.com\/fr\/plantation-de-jardins-2\/#breadcrumb\"},\"inLanguage\":\"fr-FR\",\"potentialAction\":[{\"@type\":\"ReadAction\",\"target\":[\"https:\/\/www.maasplant.com\/fr\/plantation-de-jardins-2\/\"]}]},{\"@type\":\"BreadcrumbList\",\"@id\":\"https:\/\/www.maasplant.com\/fr\/plantation-de-jardins-2\/#breadcrumb\",\"itemListElement\":[{\"@type\":\"ListItem\",\"position\":1,\"name\":\"Home\",\"item\":\"https:\/\/www.maasplant.com\/\"},{\"@type\":\"ListItem\",\"position\":2,\"name\":\"Tuin beplanting\"}]},{\"@type\":\"WebSite\",\"@id\":\"https:\/\/www.maasplant.com\/fr\/#website\",\"url\":\"https:\/\/www.maasplant.com\/fr\/\",\"name\":\"www.maasplant.com\",\"description\":\"\",\"publisher\":{\"@id\":\"https:\/\/www.maasplant.com\/fr\/#organization\"},\"potentialAction\":[{\"@type\":\"SearchAction\",\"target\":{\"@type\":\"EntryPoint\",\"urlTemplate\":\"https:\/\/www.maasplant.com\/fr\/?s={search_term_string}\"},\"query-input\":{\"@type\":\"PropertyValueSpecification\",\"valueRequired\":true,\"valueName\":\"search_term_string\"}}],\"inLanguage\":\"fr-FR\"},{\"@type\":\"Organization\",\"@id\":\"https:\/\/www.maasplant.com\/fr\/#organization\",\"name\":\"www.maasplant.com\",\"url\":\"https:\/\/www.maasplant.com\/fr\/\",\"logo\":{\"@type\":\"ImageObject\",\"inLanguage\":\"fr-FR\",\"@id\":\"https:\/\/www.maasplant.com\/fr\/#\/schema\/logo\/image\/\",\"url\":\"https:\/\/www.maasplant.com\/wp-content\/uploads\/2020\/07\/Logo-maasplant-vlinder.svg\",\"contentUrl\":\"https:\/\/www.maasplant.com\/wp-content\/uploads\/2020\/07\/Logo-maasplant-vlinder.svg\",\"width\":71,\"height\":72,\"caption\":\"www.maasplant.com\"},\"image\":{\"@id\":\"https:\/\/www.maasplant.com\/fr\/#\/schema\/logo\/image\/\"}}]}<\/script>\n<!-- \/ Yoast SEO plugin. -->","yoast_head_json":{"title":"Grand choix de plantes de jardin | Maas Plant BV","description":"Vous \u00eates \u00e0 la recherche d'un fournisseur de plantes exp\u00e9riment\u00e9 et passionn\u00e9 par la verdure ? Maas Plant dispose d'un large \u00e9ventail de plantes de jardin. Consultez d\u00e8s \u00e0 pr\u00e9sent notre gamme de produits.","robots":{"index":"index","follow":"follow","max-snippet":"max-snippet:-1","max-image-preview":"max-image-preview:large","max-video-preview":"max-video-preview:-1"},"canonical":"https:\/\/www.maasplant.com\/fr\/plantation-de-jardins-2\/","og_locale":"fr_FR","og_type":"article","og_title":"Groot aanbod tuin beplanting | Maas Plant BV","og_description":"Bent u op zoek naar een ervaren planten leverancier met een passie voor groen? Maas Plant heeft een groot aanbod tuin beplanting. Bekijk nu ons assortiment.","og_url":"https:\/\/www.maasplant.com\/fr\/plantation-de-jardins-2\/","og_site_name":"www.maasplant.com","article_modified_time":"2025-06-04T11:20:08+00:00","twitter_card":"summary_large_image","schema":{"@context":"https:\/\/schema.org","@graph":[{"@type":"WebPage","@id":"https:\/\/www.maasplant.com\/fr\/plantation-de-jardins-2\/","url":"https:\/\/www.maasplant.com\/fr\/plantation-de-jardins-2\/","name":"Grand choix de plantes de jardin | Maas Plant BV","isPartOf":{"@id":"https:\/\/www.maasplant.com\/fr\/#website"},"datePublished":"2021-05-20T09:36:24+00:00","dateModified":"2025-06-04T11:20:08+00:00","description":"Vous \u00eates \u00e0 la recherche d'un fournisseur de plantes exp\u00e9riment\u00e9 et passionn\u00e9 par la verdure ? Maas Plant dispose d'un large \u00e9ventail de plantes de jardin. Consultez d\u00e8s \u00e0 pr\u00e9sent notre gamme de produits.","breadcrumb":{"@id":"https:\/\/www.maasplant.com\/fr\/plantation-de-jardins-2\/#breadcrumb"},"inLanguage":"fr-FR","potentialAction":[{"@type":"ReadAction","target":["https:\/\/www.maasplant.com\/fr\/plantation-de-jardins-2\/"]}]},{"@type":"BreadcrumbList","@id":"https:\/\/www.maasplant.com\/fr\/plantation-de-jardins-2\/#breadcrumb","itemListElement":[{"@type":"ListItem","position":1,"name":"Home","item":"https:\/\/www.maasplant.com\/"},{"@type":"ListItem","position":2,"name":"Tuin beplanting"}]},{"@type":"WebSite","@id":"https:\/\/www.maasplant.com\/fr\/#website","url":"https:\/\/www.maasplant.com\/fr\/","name":"www.maasplant.com","description":"","publisher":{"@id":"https:\/\/www.maasplant.com\/fr\/#organization"},"potentialAction":[{"@type":"SearchAction","target":{"@type":"EntryPoint","urlTemplate":"https:\/\/www.maasplant.com\/fr\/?s={search_term_string}"},"query-input":{"@type":"PropertyValueSpecification","valueRequired":true,"valueName":"search_term_string"}}],"inLanguage":"fr-FR"},{"@type":"Organization","@id":"https:\/\/www.maasplant.com\/fr\/#organization","name":"www.maasplant.com","url":"https:\/\/www.maasplant.com\/fr\/","logo":{"@type":"ImageObject","inLanguage":"fr-FR","@id":"https:\/\/www.maasplant.com\/fr\/#\/schema\/logo\/image\/","url":"https:\/\/www.maasplant.com\/wp-content\/uploads\/2020\/07\/Logo-maasplant-vlinder.svg","contentUrl":"https:\/\/www.maasplant.com\/wp-content\/uploads\/2020\/07\/Logo-maasplant-vlinder.svg","width":71,"height":72,"caption":"www.maasplant.com"},"image":{"@id":"https:\/\/www.maasplant.com\/fr\/#\/schema\/logo\/image\/"}}]}},"_links":{"self":[{"href":"https:\/\/www.maasplant.com\/fr\/wp-json\/wp\/v2\/pages\/1295","targetHints":{"allow":["GET"]}}],"collection":[{"href":"https:\/\/www.maasplant.com\/fr\/wp-json\/wp\/v2\/pages"}],"about":[{"href":"https:\/\/www.maasplant.com\/fr\/wp-json\/wp\/v2\/types\/page"}],"author":[{"embeddable":true,"href":"https:\/\/www.maasplant.com\/fr\/wp-json\/wp\/v2\/users\/3"}],"replies":[{"embeddable":true,"href":"https:\/\/www.maasplant.com\/fr\/wp-json\/wp\/v2\/comments?post=1295"}],"version-history":[{"count":19,"href":"https:\/\/www.maasplant.com\/fr\/wp-json\/wp\/v2\/pages\/1295\/revisions"}],"predecessor-version":[{"id":3653,"href":"https:\/\/www.maasplant.com\/fr\/wp-json\/wp\/v2\/pages\/1295\/revisions\/3653"}],"wp:attachment":[{"href":"https:\/\/www.maasplant.com\/fr\/wp-json\/wp\/v2\/media?parent=1295"}],"curies":[{"name":"wp","href":"https:\/\/api.w.org\/{rel}","templated":true}]}}