{"id":1058,"date":"2021-03-05T16:01:40","date_gmt":"2021-03-05T14:01:40","guid":{"rendered":"https:\/\/www.maasplant.com\/?page_id=1058"},"modified":"2025-05-21T10:20:33","modified_gmt":"2025-05-21T08:20:33","slug":"arbres-topiaires-2","status":"publish","type":"page","link":"https:\/\/www.maasplant.com\/fr\/arbres-topiaires-2\/","title":{"rendered":"Arbres topiaires"},"content":{"rendered":"","protected":false},"excerpt":{"rendered":"","protected":false},"author":3,"featured_media":638,"parent":0,"menu_order":0,"comment_status":"closed","ping_status":"closed","template":"","meta":{"_acf_changed":false,"inline_featured_image":false,"footnotes":""},"class_list":["post-1058","page","type-page","status-publish","has-post-thumbnail","hentry"],"acf":[],"yoast_head":"<!-- This site is optimized with the Yoast SEO plugin v26.2 - https:\/\/yoast.com\/wordpress\/plugins\/seo\/ -->\n<title>Vormbomen | diverse vormbomen via Maas Plant BV<\/title>\n<meta name=\"description\" content=\"Bent u op zoek naar een professionele vormbomen leverancier? Het team van Maas Plant helpt u op een aandachtige en zorgvuldige manier.\" \/>\n<meta name=\"robots\" content=\"index, follow, max-snippet:-1, max-image-preview:large, max-video-preview:-1\" \/>\n<link rel=\"canonical\" href=\"https:\/\/www.maasplant.com\/fr\/arbres-topiaires-2\/\" \/>\n<meta property=\"og:locale\" content=\"fr_FR\" \/>\n<meta property=\"og:type\" content=\"article\" \/>\n<meta property=\"og:title\" content=\"Vormbomen | diverse vormbomen via Maas Plant BV\" \/>\n<meta property=\"og:description\" content=\"Bent u op zoek naar een professionele vormbomen leverancier? Het team van Maas Plant helpt u op een aandachtige en zorgvuldige manier.\" \/>\n<meta property=\"og:url\" content=\"https:\/\/www.maasplant.com\/fr\/arbres-topiaires-2\/\" \/>\n<meta property=\"og:site_name\" content=\"www.maasplant.com\" \/>\n<meta property=\"article:modified_time\" content=\"2025-05-21T08:20:33+00:00\" \/>\n<meta property=\"og:image\" content=\"https:\/\/www.maasplant.com\/wp-content\/uploads\/2020\/09\/laan-park-vorm-bomen.jpg\" \/>\n\t<meta property=\"og:image:width\" content=\"772\" \/>\n\t<meta property=\"og:image:height\" content=\"514\" \/>\n\t<meta property=\"og:image:type\" content=\"image\/jpeg\" \/>\n<meta name=\"twitter:card\" content=\"summary_large_image\" \/>\n<meta name=\"twitter:label1\" content=\"Dur\u00e9e de lecture estim\u00e9e\" \/>\n\t<meta name=\"twitter:data1\" content=\"1 minute\" \/>\n<script type=\"application\/ld+json\" class=\"yoast-schema-graph\">{\"@context\":\"https:\/\/schema.org\",\"@graph\":[{\"@type\":\"WebPage\",\"@id\":\"https:\/\/www.maasplant.com\/fr\/arbres-topiaires-2\/\",\"url\":\"https:\/\/www.maasplant.com\/fr\/arbres-topiaires-2\/\",\"name\":\"Vormbomen | diverse vormbomen via Maas Plant BV\",\"isPartOf\":{\"@id\":\"https:\/\/www.maasplant.com\/fr\/#website\"},\"primaryImageOfPage\":{\"@id\":\"https:\/\/www.maasplant.com\/fr\/arbres-topiaires-2\/#primaryimage\"},\"image\":{\"@id\":\"https:\/\/www.maasplant.com\/fr\/arbres-topiaires-2\/#primaryimage\"},\"thumbnailUrl\":\"https:\/\/www.maasplant.com\/wp-content\/uploads\/2020\/09\/laan-park-vorm-bomen.jpg\",\"datePublished\":\"2021-03-05T14:01:40+00:00\",\"dateModified\":\"2025-05-21T08:20:33+00:00\",\"description\":\"Bent u op zoek naar een professionele vormbomen leverancier? Het team van Maas Plant helpt u op een aandachtige en zorgvuldige manier.\",\"breadcrumb\":{\"@id\":\"https:\/\/www.maasplant.com\/fr\/arbres-topiaires-2\/#breadcrumb\"},\"inLanguage\":\"fr-FR\",\"potentialAction\":[{\"@type\":\"ReadAction\",\"target\":[\"https:\/\/www.maasplant.com\/fr\/arbres-topiaires-2\/\"]}]},{\"@type\":\"ImageObject\",\"inLanguage\":\"fr-FR\",\"@id\":\"https:\/\/www.maasplant.com\/fr\/arbres-topiaires-2\/#primaryimage\",\"url\":\"https:\/\/www.maasplant.com\/wp-content\/uploads\/2020\/09\/laan-park-vorm-bomen.jpg\",\"contentUrl\":\"https:\/\/www.maasplant.com\/wp-content\/uploads\/2020\/09\/laan-park-vorm-bomen.jpg\",\"width\":772,\"height\":514,\"caption\":\"Laanbomen, parkbomen, vormbomen\"},{\"@type\":\"BreadcrumbList\",\"@id\":\"https:\/\/www.maasplant.com\/fr\/arbres-topiaires-2\/#breadcrumb\",\"itemListElement\":[{\"@type\":\"ListItem\",\"position\":1,\"name\":\"Home\",\"item\":\"https:\/\/www.maasplant.com\/\"},{\"@type\":\"ListItem\",\"position\":2,\"name\":\"Vormbomen\"}]},{\"@type\":\"WebSite\",\"@id\":\"https:\/\/www.maasplant.com\/fr\/#website\",\"url\":\"https:\/\/www.maasplant.com\/fr\/\",\"name\":\"www.maasplant.com\",\"description\":\"\",\"publisher\":{\"@id\":\"https:\/\/www.maasplant.com\/fr\/#organization\"},\"potentialAction\":[{\"@type\":\"SearchAction\",\"target\":{\"@type\":\"EntryPoint\",\"urlTemplate\":\"https:\/\/www.maasplant.com\/fr\/?s={search_term_string}\"},\"query-input\":{\"@type\":\"PropertyValueSpecification\",\"valueRequired\":true,\"valueName\":\"search_term_string\"}}],\"inLanguage\":\"fr-FR\"},{\"@type\":\"Organization\",\"@id\":\"https:\/\/www.maasplant.com\/fr\/#organization\",\"name\":\"www.maasplant.com\",\"url\":\"https:\/\/www.maasplant.com\/fr\/\",\"logo\":{\"@type\":\"ImageObject\",\"inLanguage\":\"fr-FR\",\"@id\":\"https:\/\/www.maasplant.com\/fr\/#\/schema\/logo\/image\/\",\"url\":\"https:\/\/www.maasplant.com\/wp-content\/uploads\/2020\/07\/Logo-maasplant-vlinder.svg\",\"contentUrl\":\"https:\/\/www.maasplant.com\/wp-content\/uploads\/2020\/07\/Logo-maasplant-vlinder.svg\",\"width\":71,\"height\":72,\"caption\":\"www.maasplant.com\"},\"image\":{\"@id\":\"https:\/\/www.maasplant.com\/fr\/#\/schema\/logo\/image\/\"}}]}<\/script>\n<!-- \/ Yoast SEO plugin. -->","yoast_head_json":{"title":"Arbres topiaires | divers arbres topiaires via Maas Plant BV","description":"Vous \u00eates \u00e0 la recherche d'un fournisseur professionnel d'arbres topiaires ? L'\u00e9quipe de Maas Plant vous aidera de mani\u00e8re attentive et prudente.","robots":{"index":"index","follow":"follow","max-snippet":"max-snippet:-1","max-image-preview":"max-image-preview:large","max-video-preview":"max-video-preview:-1"},"canonical":"https:\/\/www.maasplant.com\/fr\/arbres-topiaires-2\/","og_locale":"fr_FR","og_type":"article","og_title":"Vormbomen | diverse vormbomen via Maas Plant BV","og_description":"Bent u op zoek naar een professionele vormbomen leverancier? Het team van Maas Plant helpt u op een aandachtige en zorgvuldige manier.","og_url":"https:\/\/www.maasplant.com\/fr\/arbres-topiaires-2\/","og_site_name":"www.maasplant.com","article_modified_time":"2025-05-21T08:20:33+00:00","og_image":[{"width":772,"height":514,"url":"https:\/\/www.maasplant.com\/wp-content\/uploads\/2020\/09\/laan-park-vorm-bomen.jpg","type":"image\/jpeg"}],"twitter_card":"summary_large_image","twitter_misc":{"Dur\u00e9e de lecture estim\u00e9e":"1 minute"},"schema":{"@context":"https:\/\/schema.org","@graph":[{"@type":"WebPage","@id":"https:\/\/www.maasplant.com\/fr\/arbres-topiaires-2\/","url":"https:\/\/www.maasplant.com\/fr\/arbres-topiaires-2\/","name":"Arbres topiaires | divers arbres topiaires via Maas Plant BV","isPartOf":{"@id":"https:\/\/www.maasplant.com\/fr\/#website"},"primaryImageOfPage":{"@id":"https:\/\/www.maasplant.com\/fr\/arbres-topiaires-2\/#primaryimage"},"image":{"@id":"https:\/\/www.maasplant.com\/fr\/arbres-topiaires-2\/#primaryimage"},"thumbnailUrl":"https:\/\/www.maasplant.com\/wp-content\/uploads\/2020\/09\/laan-park-vorm-bomen.jpg","datePublished":"2021-03-05T14:01:40+00:00","dateModified":"2025-05-21T08:20:33+00:00","description":"Vous \u00eates \u00e0 la recherche d'un fournisseur professionnel d'arbres topiaires ? L'\u00e9quipe de Maas Plant vous aidera de mani\u00e8re attentive et prudente.","breadcrumb":{"@id":"https:\/\/www.maasplant.com\/fr\/arbres-topiaires-2\/#breadcrumb"},"inLanguage":"fr-FR","potentialAction":[{"@type":"ReadAction","target":["https:\/\/www.maasplant.com\/fr\/arbres-topiaires-2\/"]}]},{"@type":"ImageObject","inLanguage":"fr-FR","@id":"https:\/\/www.maasplant.com\/fr\/arbres-topiaires-2\/#primaryimage","url":"https:\/\/www.maasplant.com\/wp-content\/uploads\/2020\/09\/laan-park-vorm-bomen.jpg","contentUrl":"https:\/\/www.maasplant.com\/wp-content\/uploads\/2020\/09\/laan-park-vorm-bomen.jpg","width":772,"height":514,"caption":"Laanbomen, parkbomen, vormbomen"},{"@type":"BreadcrumbList","@id":"https:\/\/www.maasplant.com\/fr\/arbres-topiaires-2\/#breadcrumb","itemListElement":[{"@type":"ListItem","position":1,"name":"Home","item":"https:\/\/www.maasplant.com\/"},{"@type":"ListItem","position":2,"name":"Vormbomen"}]},{"@type":"WebSite","@id":"https:\/\/www.maasplant.com\/fr\/#website","url":"https:\/\/www.maasplant.com\/fr\/","name":"www.maasplant.com","description":"","publisher":{"@id":"https:\/\/www.maasplant.com\/fr\/#organization"},"potentialAction":[{"@type":"SearchAction","target":{"@type":"EntryPoint","urlTemplate":"https:\/\/www.maasplant.com\/fr\/?s={search_term_string}"},"query-input":{"@type":"PropertyValueSpecification","valueRequired":true,"valueName":"search_term_string"}}],"inLanguage":"fr-FR"},{"@type":"Organization","@id":"https:\/\/www.maasplant.com\/fr\/#organization","name":"www.maasplant.com","url":"https:\/\/www.maasplant.com\/fr\/","logo":{"@type":"ImageObject","inLanguage":"fr-FR","@id":"https:\/\/www.maasplant.com\/fr\/#\/schema\/logo\/image\/","url":"https:\/\/www.maasplant.com\/wp-content\/uploads\/2020\/07\/Logo-maasplant-vlinder.svg","contentUrl":"https:\/\/www.maasplant.com\/wp-content\/uploads\/2020\/07\/Logo-maasplant-vlinder.svg","width":71,"height":72,"caption":"www.maasplant.com"},"image":{"@id":"https:\/\/www.maasplant.com\/fr\/#\/schema\/logo\/image\/"}}]}},"_links":{"self":[{"href":"https:\/\/www.maasplant.com\/fr\/wp-json\/wp\/v2\/pages\/1058","targetHints":{"allow":["GET"]}}],"collection":[{"href":"https:\/\/www.maasplant.com\/fr\/wp-json\/wp\/v2\/pages"}],"about":[{"href":"https:\/\/www.maasplant.com\/fr\/wp-json\/wp\/v2\/types\/page"}],"author":[{"embeddable":true,"href":"https:\/\/www.maasplant.com\/fr\/wp-json\/wp\/v2\/users\/3"}],"replies":[{"embeddable":true,"href":"https:\/\/www.maasplant.com\/fr\/wp-json\/wp\/v2\/comments?post=1058"}],"version-history":[{"count":22,"href":"https:\/\/www.maasplant.com\/fr\/wp-json\/wp\/v2\/pages\/1058\/revisions"}],"predecessor-version":[{"id":2057,"href":"https:\/\/www.maasplant.com\/fr\/wp-json\/wp\/v2\/pages\/1058\/revisions\/2057"}],"wp:featuredmedia":[{"embeddable":true,"href":"https:\/\/www.maasplant.com\/fr\/wp-json\/wp\/v2\/media\/638"}],"wp:attachment":[{"href":"https:\/\/www.maasplant.com\/fr\/wp-json\/wp\/v2\/media?parent=1058"}],"curies":[{"name":"wp","href":"https:\/\/api.w.org\/{rel}","templated":true}]}}