{"id":3604,"date":"2025-05-21T10:37:51","date_gmt":"2025-05-21T08:37:51","guid":{"rendered":"https:\/\/www.maasplant.com\/?page_id=3604"},"modified":"2025-05-21T10:52:55","modified_gmt":"2025-05-21T08:52:55","slug":"jubilaumsapplikation","status":"publish","type":"page","link":"https:\/\/www.maasplant.com\/de\/jubilaumsapplikation\/","title":{"rendered":"Jubil\u00e4ums-Appie"},"content":{"rendered":"<div data-elementor-type=\"wp-page\" data-elementor-id=\"3604\" class=\"elementor elementor-3604\" data-elementor-post-type=\"page\">\n\t\t\t\t<div class=\"elementor-element elementor-element-c7c19fa e-flex e-con-boxed e-con e-parent\" data-id=\"c7c19fa\" data-element_type=\"container\" data-settings=\"{&quot;background_background&quot;:&quot;classic&quot;,&quot;jet_parallax_layout_list&quot;:[]}\">\n\t\t\t\t\t<div class=\"e-con-inner\">\n\t\t<div class=\"elementor-element elementor-element-240b11b e-con-full e-flex e-con e-child\" data-id=\"240b11b\" data-element_type=\"container\" data-settings=\"{&quot;jet_parallax_layout_list&quot;:[]}\">\n\t\t<div class=\"elementor-element elementor-element-2fc0b99 e-con-full e-flex e-con e-child\" data-id=\"2fc0b99\" data-element_type=\"container\" data-settings=\"{&quot;jet_parallax_layout_list&quot;:[]}\">\n\t\t\t\t<div class=\"elementor-element elementor-element-fa3783e elementor-icon-list--layout-traditional elementor-list-item-link-full_width elementor-widget elementor-widget-icon-list\" data-id=\"fa3783e\" data-element_type=\"widget\" data-widget_type=\"icon-list.default\">\n\t\t\t\t<div class=\"elementor-widget-container\">\n\t\t\t\t\t\t\t<ul class=\"elementor-icon-list-items\">\n\t\t\t\t\t\t\t<li class=\"elementor-icon-list-item\">\n\t\t\t\t\t\t\t\t\t\t<span class=\"elementor-icon-list-text\">Jubil\u00e4um<\/span>\n\t\t\t\t\t\t\t\t\t<\/li>\n\t\t\t\t\t\t<\/ul>\n\t\t\t\t\t\t<\/div>\n\t\t\t\t<\/div>\n\t\t\t\t<div class=\"elementor-element elementor-element-49a8673 elementor-widget elementor-widget-heading\" data-id=\"49a8673\" data-element_type=\"widget\" data-widget_type=\"heading.default\">\n\t\t\t\t<div class=\"elementor-widget-container\">\n\t\t\t\t\t<h1 class=\"elementor-heading-title elementor-size-default\">Jubilee \"Appie\"\n<\/h1>\t\t\t\t<\/div>\n\t\t\t\t<\/div>\n\t\t\t\t<div class=\"elementor-element elementor-element-4bcea9f elementor-widget elementor-widget-heading\" data-id=\"4bcea9f\" data-element_type=\"widget\" data-widget_type=\"heading.default\">\n\t\t\t\t<div class=\"elementor-widget-container\">\n\t\t\t\t\t<span class=\"elementor-heading-title elementor-size-default\">Abdeslam El Harrad<\/span>\t\t\t\t<\/div>\n\t\t\t\t<\/div>\n\t\t\t\t<\/div>\n\t\t\t\t<\/div>\n\t\t<div class=\"elementor-element elementor-element-e0b803c e-con-full e-flex e-con e-child\" data-id=\"e0b803c\" data-element_type=\"container\" data-settings=\"{&quot;jet_parallax_layout_list&quot;:[]}\">\n\t\t\t\t<div class=\"elementor-element elementor-element-e8f5ca8 elementor-widget elementor-widget-image\" data-id=\"e8f5ca8\" data-element_type=\"widget\" data-widget_type=\"image.default\">\n\t\t\t\t<div class=\"elementor-widget-container\">\n\t\t\t\t\t\t\t\t\t\t\t\t\t\t\t<img fetchpriority=\"high\" decoding=\"async\" width=\"480\" height=\"640\" src=\"https:\/\/www.maasplant.com\/wp-content\/uploads\/2025\/05\/appie.jpg\" class=\"attachment-large size-large wp-image-3607\" alt=\"\" srcset=\"https:\/\/www.maasplant.com\/wp-content\/uploads\/2025\/05\/appie.jpg 480w, https:\/\/www.maasplant.com\/wp-content\/uploads\/2025\/05\/appie-225x300.jpg 225w, https:\/\/www.maasplant.com\/wp-content\/uploads\/2025\/05\/appie-9x12.jpg 9w\" sizes=\"(max-width: 480px) 100vw, 480px\" \/>\t\t\t\t\t\t\t\t\t\t\t\t\t\t\t<\/div>\n\t\t\t\t<\/div>\n\t\t\t\t<\/div>\n\t\t\t\t\t<\/div>\n\t\t\t\t<\/div>\n\t\t<div class=\"elementor-element elementor-element-e31a9c8 e-flex e-con-boxed e-con e-parent\" data-id=\"e31a9c8\" data-element_type=\"container\" data-settings=\"{&quot;jet_parallax_layout_list&quot;:[]}\">\n\t\t\t\t\t<div class=\"e-con-inner\">\n\t\t<div class=\"elementor-element elementor-element-145e517 e-con-full e-flex e-con e-child\" data-id=\"145e517\" data-element_type=\"container\" data-settings=\"{&quot;jet_parallax_layout_list&quot;:[]}\">\n\t\t<div class=\"elementor-element elementor-element-1b17b5d e-con-full e-flex e-con e-child\" data-id=\"1b17b5d\" data-element_type=\"container\" data-settings=\"{&quot;jet_parallax_layout_list&quot;:[]}\">\n\t\t\t\t<div class=\"elementor-element elementor-element-f6cc15f elementor-icon-list--layout-traditional elementor-list-item-link-full_width elementor-widget elementor-widget-icon-list\" data-id=\"f6cc15f\" data-element_type=\"widget\" data-widget_type=\"icon-list.default\">\n\t\t\t\t<div class=\"elementor-widget-container\">\n\t\t\t\t\t\t\t<ul class=\"elementor-icon-list-items\">\n\t\t\t\t\t\t\t<li class=\"elementor-icon-list-item\">\n\t\t\t\t\t\t\t\t\t\t<span class=\"elementor-icon-list-text\">Jubil\u00e4um<\/span>\n\t\t\t\t\t\t\t\t\t<\/li>\n\t\t\t\t\t\t<\/ul>\n\t\t\t\t\t\t<\/div>\n\t\t\t\t<\/div>\n\t\t\t\t<div class=\"elementor-element elementor-element-0cc3dfc elementor-widget elementor-widget-heading\" data-id=\"0cc3dfc\" data-element_type=\"widget\" data-widget_type=\"heading.default\">\n\t\t\t\t<div class=\"elementor-widget-container\">\n\t\t\t\t\t<h2 class=\"elementor-heading-title elementor-size-default\">Appie<\/h2>\t\t\t\t<\/div>\n\t\t\t\t<\/div>\n\t\t\t\t<\/div>\n\t\t<div class=\"elementor-element elementor-element-c40abe7 e-con-full e-flex e-con e-child\" data-id=\"c40abe7\" data-element_type=\"container\" data-settings=\"{&quot;jet_parallax_layout_list&quot;:[]}\">\n\t\t\t\t<div class=\"elementor-element elementor-element-959068b elementor-widget elementor-widget-text-editor\" data-id=\"959068b\" data-element_type=\"widget\" data-widget_type=\"text-editor.default\">\n\t\t\t\t<div class=\"elementor-widget-container\">\n\t\t\t\t\t\t\t\t\t<p>19-10-2022<\/p><p>Heute stellen wir \"Appie\" ins Rampenlicht.<\/p><p>Denn er arbeitet bereits seit 30 Jahren bei Maas Plant.<\/p><p>Wir sind sehr stolz und gl\u00fccklich \u00fcber Ihr jahrelanges Engagement.<\/p><p>Herzlichen Gl\u00fcckwunsch!<\/p>\t\t\t\t\t\t\t\t<\/div>\n\t\t\t\t<\/div>\n\t\t\t\t<\/div>\n\t\t\t\t<\/div>\n\t\t\t\t\t<\/div>\n\t\t\t\t<\/div>\n\t\t\t\t<\/div>","protected":false},"excerpt":{"rendered":"<p>Jubil\u00e4um Jubil\u00e4um \"Appie\" Abdeslam El Harrad Jubil\u00e4um Appie 19-10-2022 Heute stellen wir \"Appie\" ins Rampenlicht. Denn er ist seit 30 Jahren bei Maas Plant besch\u00e4ftigt. Wir sind sehr stolz und freuen uns \u00fcber Ihr jahrelanges Engagement. Herzlichen Gl\u00fcckwunsch!<\/p>","protected":false},"author":5,"featured_media":0,"parent":0,"menu_order":0,"comment_status":"closed","ping_status":"closed","template":"","meta":{"_acf_changed":false,"inline_featured_image":false,"footnotes":""},"class_list":["post-3604","page","type-page","status-publish","hentry"],"acf":[],"yoast_head":"<!-- This site is optimized with the Yoast SEO plugin v26.2 - https:\/\/yoast.com\/wordpress\/plugins\/seo\/ -->\n<title>Jubileum Appie - www.maasplant.com<\/title>\n<meta name=\"robots\" content=\"index, follow, max-snippet:-1, max-image-preview:large, max-video-preview:-1\" \/>\n<link rel=\"canonical\" href=\"https:\/\/www.maasplant.com\/de\/jubilaumsapplikation\/\" \/>\n<meta property=\"og:locale\" content=\"de_DE\" \/>\n<meta property=\"og:type\" content=\"article\" \/>\n<meta property=\"og:title\" content=\"Jubileum Appie - www.maasplant.com\" \/>\n<meta property=\"og:description\" content=\"Jubileum Jubileum \u201cAppie\u201d Abdeslam El Harrad Jubileum Appie 19-10-2022 Vandaag zetten we \u201cAppie\u201d in het zonnetje. Hij is namelijk 30 jaar in dienst bij Maas Plant. We zijn hartstikke trots en blij met jouw jarenlange inzet. Gefeliciteerd!\" \/>\n<meta property=\"og:url\" content=\"https:\/\/www.maasplant.com\/de\/jubilaumsapplikation\/\" \/>\n<meta property=\"og:site_name\" content=\"www.maasplant.com\" \/>\n<meta property=\"article:modified_time\" content=\"2025-05-21T08:52:55+00:00\" \/>\n<meta property=\"og:image\" content=\"https:\/\/www.maasplant.com\/wp-content\/uploads\/2025\/05\/appie.jpg\" \/>\n\t<meta property=\"og:image:width\" content=\"480\" \/>\n\t<meta property=\"og:image:height\" content=\"640\" \/>\n\t<meta property=\"og:image:type\" content=\"image\/jpeg\" \/>\n<meta name=\"twitter:card\" content=\"summary_large_image\" \/>\n<meta name=\"twitter:label1\" content=\"Gesch\u00e4tzte Lesezeit\" \/>\n\t<meta name=\"twitter:data1\" content=\"1\u00a0Minute\" \/>\n<script type=\"application\/ld+json\" class=\"yoast-schema-graph\">{\"@context\":\"https:\/\/schema.org\",\"@graph\":[{\"@type\":\"WebPage\",\"@id\":\"https:\/\/www.maasplant.com\/de\/jubilaumsapplikation\/\",\"url\":\"https:\/\/www.maasplant.com\/de\/jubilaumsapplikation\/\",\"name\":\"Jubileum Appie - www.maasplant.com\",\"isPartOf\":{\"@id\":\"https:\/\/www.maasplant.com\/de\/#website\"},\"primaryImageOfPage\":{\"@id\":\"https:\/\/www.maasplant.com\/de\/jubilaumsapplikation\/#primaryimage\"},\"image\":{\"@id\":\"https:\/\/www.maasplant.com\/de\/jubilaumsapplikation\/#primaryimage\"},\"thumbnailUrl\":\"https:\/\/www.maasplant.com\/wp-content\/uploads\/2025\/05\/appie.jpg\",\"datePublished\":\"2025-05-21T08:37:51+00:00\",\"dateModified\":\"2025-05-21T08:52:55+00:00\",\"breadcrumb\":{\"@id\":\"https:\/\/www.maasplant.com\/de\/jubilaumsapplikation\/#breadcrumb\"},\"inLanguage\":\"de\",\"potentialAction\":[{\"@type\":\"ReadAction\",\"target\":[\"https:\/\/www.maasplant.com\/de\/jubilaumsapplikation\/\"]}]},{\"@type\":\"ImageObject\",\"inLanguage\":\"de\",\"@id\":\"https:\/\/www.maasplant.com\/de\/jubilaumsapplikation\/#primaryimage\",\"url\":\"https:\/\/www.maasplant.com\/wp-content\/uploads\/2025\/05\/appie.jpg\",\"contentUrl\":\"https:\/\/www.maasplant.com\/wp-content\/uploads\/2025\/05\/appie.jpg\"},{\"@type\":\"BreadcrumbList\",\"@id\":\"https:\/\/www.maasplant.com\/de\/jubilaumsapplikation\/#breadcrumb\",\"itemListElement\":[{\"@type\":\"ListItem\",\"position\":1,\"name\":\"Home\",\"item\":\"https:\/\/www.maasplant.com\/\"},{\"@type\":\"ListItem\",\"position\":2,\"name\":\"Jubileum Appie\"}]},{\"@type\":\"WebSite\",\"@id\":\"https:\/\/www.maasplant.com\/de\/#website\",\"url\":\"https:\/\/www.maasplant.com\/de\/\",\"name\":\"www.maasplant.com\",\"description\":\"\",\"publisher\":{\"@id\":\"https:\/\/www.maasplant.com\/de\/#organization\"},\"potentialAction\":[{\"@type\":\"SearchAction\",\"target\":{\"@type\":\"EntryPoint\",\"urlTemplate\":\"https:\/\/www.maasplant.com\/de\/?s={search_term_string}\"},\"query-input\":{\"@type\":\"PropertyValueSpecification\",\"valueRequired\":true,\"valueName\":\"search_term_string\"}}],\"inLanguage\":\"de\"},{\"@type\":\"Organization\",\"@id\":\"https:\/\/www.maasplant.com\/de\/#organization\",\"name\":\"www.maasplant.com\",\"url\":\"https:\/\/www.maasplant.com\/de\/\",\"logo\":{\"@type\":\"ImageObject\",\"inLanguage\":\"de\",\"@id\":\"https:\/\/www.maasplant.com\/de\/#\/schema\/logo\/image\/\",\"url\":\"https:\/\/www.maasplant.com\/wp-content\/uploads\/2020\/07\/Logo-maasplant-vlinder.svg\",\"contentUrl\":\"https:\/\/www.maasplant.com\/wp-content\/uploads\/2020\/07\/Logo-maasplant-vlinder.svg\",\"width\":71,\"height\":72,\"caption\":\"www.maasplant.com\"},\"image\":{\"@id\":\"https:\/\/www.maasplant.com\/de\/#\/schema\/logo\/image\/\"}}]}<\/script>\n<!-- \/ Yoast SEO plugin. -->","yoast_head_json":{"title":"Jubil\u00e4ums-Appie - www.maasplant.com","robots":{"index":"index","follow":"follow","max-snippet":"max-snippet:-1","max-image-preview":"max-image-preview:large","max-video-preview":"max-video-preview:-1"},"canonical":"https:\/\/www.maasplant.com\/de\/jubilaumsapplikation\/","og_locale":"de_DE","og_type":"article","og_title":"Jubileum Appie - www.maasplant.com","og_description":"Jubileum Jubileum \u201cAppie\u201d Abdeslam El Harrad Jubileum Appie 19-10-2022 Vandaag zetten we \u201cAppie\u201d in het zonnetje. Hij is namelijk 30 jaar in dienst bij Maas Plant. We zijn hartstikke trots en blij met jouw jarenlange inzet. Gefeliciteerd!","og_url":"https:\/\/www.maasplant.com\/de\/jubilaumsapplikation\/","og_site_name":"www.maasplant.com","article_modified_time":"2025-05-21T08:52:55+00:00","og_image":[{"width":480,"height":640,"url":"https:\/\/www.maasplant.com\/wp-content\/uploads\/2025\/05\/appie.jpg","type":"image\/jpeg"}],"twitter_card":"summary_large_image","twitter_misc":{"Gesch\u00e4tzte Lesezeit":"1\u00a0Minute"},"schema":{"@context":"https:\/\/schema.org","@graph":[{"@type":"WebPage","@id":"https:\/\/www.maasplant.com\/de\/jubilaumsapplikation\/","url":"https:\/\/www.maasplant.com\/de\/jubilaumsapplikation\/","name":"Jubil\u00e4ums-Appie - www.maasplant.com","isPartOf":{"@id":"https:\/\/www.maasplant.com\/de\/#website"},"primaryImageOfPage":{"@id":"https:\/\/www.maasplant.com\/de\/jubilaumsapplikation\/#primaryimage"},"image":{"@id":"https:\/\/www.maasplant.com\/de\/jubilaumsapplikation\/#primaryimage"},"thumbnailUrl":"https:\/\/www.maasplant.com\/wp-content\/uploads\/2025\/05\/appie.jpg","datePublished":"2025-05-21T08:37:51+00:00","dateModified":"2025-05-21T08:52:55+00:00","breadcrumb":{"@id":"https:\/\/www.maasplant.com\/de\/jubilaumsapplikation\/#breadcrumb"},"inLanguage":"de","potentialAction":[{"@type":"ReadAction","target":["https:\/\/www.maasplant.com\/de\/jubilaumsapplikation\/"]}]},{"@type":"ImageObject","inLanguage":"de","@id":"https:\/\/www.maasplant.com\/de\/jubilaumsapplikation\/#primaryimage","url":"https:\/\/www.maasplant.com\/wp-content\/uploads\/2025\/05\/appie.jpg","contentUrl":"https:\/\/www.maasplant.com\/wp-content\/uploads\/2025\/05\/appie.jpg"},{"@type":"BreadcrumbList","@id":"https:\/\/www.maasplant.com\/de\/jubilaumsapplikation\/#breadcrumb","itemListElement":[{"@type":"ListItem","position":1,"name":"Home","item":"https:\/\/www.maasplant.com\/"},{"@type":"ListItem","position":2,"name":"Jubileum Appie"}]},{"@type":"WebSite","@id":"https:\/\/www.maasplant.com\/de\/#website","url":"https:\/\/www.maasplant.com\/de\/","name":"www.maasplant.com","description":"","publisher":{"@id":"https:\/\/www.maasplant.com\/de\/#organization"},"potentialAction":[{"@type":"SearchAction","target":{"@type":"EntryPoint","urlTemplate":"https:\/\/www.maasplant.com\/de\/?s={search_term_string}"},"query-input":{"@type":"PropertyValueSpecification","valueRequired":true,"valueName":"search_term_string"}}],"inLanguage":"de"},{"@type":"Organization","@id":"https:\/\/www.maasplant.com\/de\/#organization","name":"www.maasplant.com","url":"https:\/\/www.maasplant.com\/de\/","logo":{"@type":"ImageObject","inLanguage":"de","@id":"https:\/\/www.maasplant.com\/de\/#\/schema\/logo\/image\/","url":"https:\/\/www.maasplant.com\/wp-content\/uploads\/2020\/07\/Logo-maasplant-vlinder.svg","contentUrl":"https:\/\/www.maasplant.com\/wp-content\/uploads\/2020\/07\/Logo-maasplant-vlinder.svg","width":71,"height":72,"caption":"www.maasplant.com"},"image":{"@id":"https:\/\/www.maasplant.com\/de\/#\/schema\/logo\/image\/"}}]}},"_links":{"self":[{"href":"https:\/\/www.maasplant.com\/de\/wp-json\/wp\/v2\/pages\/3604","targetHints":{"allow":["GET"]}}],"collection":[{"href":"https:\/\/www.maasplant.com\/de\/wp-json\/wp\/v2\/pages"}],"about":[{"href":"https:\/\/www.maasplant.com\/de\/wp-json\/wp\/v2\/types\/page"}],"author":[{"embeddable":true,"href":"https:\/\/www.maasplant.com\/de\/wp-json\/wp\/v2\/users\/5"}],"replies":[{"embeddable":true,"href":"https:\/\/www.maasplant.com\/de\/wp-json\/wp\/v2\/comments?post=3604"}],"version-history":[{"count":4,"href":"https:\/\/www.maasplant.com\/de\/wp-json\/wp\/v2\/pages\/3604\/revisions"}],"predecessor-version":[{"id":3633,"href":"https:\/\/www.maasplant.com\/de\/wp-json\/wp\/v2\/pages\/3604\/revisions\/3633"}],"wp:attachment":[{"href":"https:\/\/www.maasplant.com\/de\/wp-json\/wp\/v2\/media?parent=3604"}],"curies":[{"name":"wp","href":"https:\/\/api.w.org\/{rel}","templated":true}]}}