{"id":2229,"date":"2023-03-20T12:37:10","date_gmt":"2023-03-20T10:37:10","guid":{"rendered":"https:\/\/www.maasplant.com\/?page_id=2229"},"modified":"2025-03-31T09:27:42","modified_gmt":"2025-03-31T07:27:42","slug":"angebotsanfragen","status":"publish","type":"page","link":"https:\/\/www.maasplant.com\/de\/angebotsanfragen\/","title":{"rendered":"Angebot anfordern"},"content":{"rendered":"<div data-elementor-type=\"wp-page\" data-elementor-id=\"2229\" class=\"elementor elementor-2229\" data-elementor-post-type=\"page\">\n\t\t\t\t<div class=\"elementor-element elementor-element-73b382a e-flex e-con-boxed e-con e-parent\" data-id=\"73b382a\" data-element_type=\"container\" data-settings=\"{&quot;background_background&quot;:&quot;classic&quot;,&quot;jet_parallax_layout_list&quot;:[]}\">\n\t\t\t\t\t<div class=\"e-con-inner\">\n\t\t<div class=\"elementor-element elementor-element-436e05e e-con-full e-flex e-con e-child\" data-id=\"436e05e\" data-element_type=\"container\" data-settings=\"{&quot;jet_parallax_layout_list&quot;:[]}\">\n\t\t<div class=\"elementor-element elementor-element-e2f9d5a e-con-full e-flex e-con e-child\" data-id=\"e2f9d5a\" data-element_type=\"container\" data-settings=\"{&quot;jet_parallax_layout_list&quot;:[]}\">\n\t\t\t\t<div class=\"elementor-element elementor-element-8e66765 elementor-icon-list--layout-traditional elementor-list-item-link-full_width elementor-widget elementor-widget-icon-list\" data-id=\"8e66765\" data-element_type=\"widget\" data-widget_type=\"icon-list.default\">\n\t\t\t\t<div class=\"elementor-widget-container\">\n\t\t\t\t\t\t\t<ul class=\"elementor-icon-list-items\">\n\t\t\t\t\t\t\t<li class=\"elementor-icon-list-item\">\n\t\t\t\t\t\t\t\t\t\t<span class=\"elementor-icon-list-text\">Zitat<\/span>\n\t\t\t\t\t\t\t\t\t<\/li>\n\t\t\t\t\t\t<\/ul>\n\t\t\t\t\t\t<\/div>\n\t\t\t\t<\/div>\n\t\t\t\t<div class=\"elementor-element elementor-element-0061c2d elementor-widget elementor-widget-heading\" data-id=\"0061c2d\" data-element_type=\"widget\" data-widget_type=\"heading.default\">\n\t\t\t\t<div class=\"elementor-widget-container\">\n\t\t\t\t\t<h1 class=\"elementor-heading-title elementor-size-default\">Angebot anfordern<\/h1>\t\t\t\t<\/div>\n\t\t\t\t<\/div>\n\t\t\t\t<\/div>\n\t\t\t\t<\/div>\n\t\t<div class=\"elementor-element elementor-element-97dd853 e-con-full e-flex e-con e-child\" data-id=\"97dd853\" data-element_type=\"container\" data-settings=\"{&quot;jet_parallax_layout_list&quot;:[]}\">\n\t\t\t\t<div class=\"elementor-element elementor-element-fcf8b0c elementor-widget elementor-widget-image\" data-id=\"fcf8b0c\" data-element_type=\"widget\" data-widget_type=\"image.default\">\n\t\t\t\t<div class=\"elementor-widget-container\">\n\t\t\t\t\t\t\t\t\t\t\t\t\t\t\t<img fetchpriority=\"high\" decoding=\"async\" width=\"800\" height=\"525\" src=\"https:\/\/www.maasplant.com\/wp-content\/uploads\/2023\/05\/Banner-Maas-Plant-06-1-1024x672.png\" class=\"attachment-large size-large wp-image-2822\" alt=\"\" srcset=\"https:\/\/www.maasplant.com\/wp-content\/uploads\/2023\/05\/Banner-Maas-Plant-06-1-1024x672.png 1024w, https:\/\/www.maasplant.com\/wp-content\/uploads\/2023\/05\/Banner-Maas-Plant-06-1-300x197.png 300w, https:\/\/www.maasplant.com\/wp-content\/uploads\/2023\/05\/Banner-Maas-Plant-06-1-768x504.png 768w, https:\/\/www.maasplant.com\/wp-content\/uploads\/2023\/05\/Banner-Maas-Plant-06-1-18x12.png 18w, https:\/\/www.maasplant.com\/wp-content\/uploads\/2023\/05\/Banner-Maas-Plant-06-1.png 1190w\" sizes=\"(max-width: 800px) 100vw, 800px\" \/>\t\t\t\t\t\t\t\t\t\t\t\t\t\t\t<\/div>\n\t\t\t\t<\/div>\n\t\t\t\t<\/div>\n\t\t\t\t\t<\/div>\n\t\t\t\t<\/div>\n\t\t<div class=\"elementor-element elementor-element-10b81b8 e-flex e-con-boxed e-con e-parent\" data-id=\"10b81b8\" data-element_type=\"container\" data-settings=\"{&quot;jet_parallax_layout_list&quot;:[]}\">\n\t\t\t\t\t<div class=\"e-con-inner\">\n\t\t<div class=\"elementor-element elementor-element-0443d07 e-con-full e-flex e-con e-child\" data-id=\"0443d07\" data-element_type=\"container\" data-settings=\"{&quot;jet_parallax_layout_list&quot;:[]}\">\n\t\t\t\t<div class=\"elementor-element elementor-element-2a300e7 elementor-icon-list--layout-traditional elementor-list-item-link-full_width elementor-widget elementor-widget-icon-list\" data-id=\"2a300e7\" data-element_type=\"widget\" data-widget_type=\"icon-list.default\">\n\t\t\t\t<div class=\"elementor-widget-container\">\n\t\t\t\t\t\t\t<ul class=\"elementor-icon-list-items\">\n\t\t\t\t\t\t\t<li class=\"elementor-icon-list-item\">\n\t\t\t\t\t\t\t\t\t\t<span class=\"elementor-icon-list-text\">Kontakt-Formular<\/span>\n\t\t\t\t\t\t\t\t\t<\/li>\n\t\t\t\t\t\t<\/ul>\n\t\t\t\t\t\t<\/div>\n\t\t\t\t<\/div>\n\t\t\t\t<div class=\"elementor-element elementor-element-dcbbe7e elementor-widget elementor-widget-heading\" data-id=\"dcbbe7e\" data-element_type=\"widget\" data-widget_type=\"heading.default\">\n\t\t\t\t<div class=\"elementor-widget-container\">\n\t\t\t\t\t<h2 class=\"elementor-heading-title elementor-size-default\">Kontakt aufnehmen<\/h2>\t\t\t\t<\/div>\n\t\t\t\t<\/div>\n\t\t\t\t<div class=\"elementor-element elementor-element-313bf58 elementor-widget elementor-widget-text-editor\" data-id=\"313bf58\" data-element_type=\"widget\" data-widget_type=\"text-editor.default\">\n\t\t\t\t<div class=\"elementor-widget-container\">\n\t\t\t\t\t\t\t\t\tWir sind f\u00fcr Sie da! Setzen Sie sich mit uns in Verbindung, indem Sie die nachstehenden Angaben machen oder das Kontaktformular ausf\u00fcllen. Wir werden Ihnen so schnell wie m\u00f6glich antworten.\t\t\t\t\t\t\t\t<\/div>\n\t\t\t\t<\/div>\n\t\t\t\t<\/div>\n\t\t<div class=\"elementor-element elementor-element-edeffa0 e-con-full e-flex e-con e-child\" data-id=\"edeffa0\" data-element_type=\"container\" data-settings=\"{&quot;jet_parallax_layout_list&quot;:[]}\">\n\t\t<div class=\"elementor-element elementor-element-acd650e e-con-full e-flex e-con e-child\" data-id=\"acd650e\" data-element_type=\"container\" data-settings=\"{&quot;jet_parallax_layout_list&quot;:[]}\">\n\t\t<div class=\"elementor-element elementor-element-4d81fa1 e-con-full e-flex e-con e-child\" data-id=\"4d81fa1\" data-element_type=\"container\" data-settings=\"{&quot;background_background&quot;:&quot;classic&quot;,&quot;jet_parallax_layout_list&quot;:[]}\">\n\t\t<div class=\"elementor-element elementor-element-e752740 e-con-full e-flex e-con e-child\" data-id=\"e752740\" data-element_type=\"container\" data-settings=\"{&quot;jet_parallax_layout_list&quot;:[]}\">\n\t\t\t\t<div class=\"elementor-element elementor-element-4a4299d elementor-widget elementor-widget-heading\" data-id=\"4a4299d\" data-element_type=\"widget\" data-widget_type=\"heading.default\">\n\t\t\t\t<div class=\"elementor-widget-container\">\n\t\t\t\t\t<h3 class=\"elementor-heading-title elementor-size-default\">Angebot von Maas Plant anfordern<\/h3>\t\t\t\t<\/div>\n\t\t\t\t<\/div>\n\t\t\t\t<div class=\"elementor-element elementor-element-2ac9311 elementor-widget elementor-widget-text-editor\" data-id=\"2ac9311\" data-element_type=\"widget\" data-widget_type=\"text-editor.default\">\n\t\t\t\t<div class=\"elementor-widget-container\">\n\t\t\t\t\t\t\t\t\t<p>Wir bieten Pflanzen von h\u00f6chster Qualit\u00e4t an, die sorgf\u00e4ltig angebaut und ausgew\u00e4hlt werden, um sicherzustellen, dass sie bei der Lieferung gesund und kr\u00e4ftig sind.<\/p>\t\t\t\t\t\t\t\t<\/div>\n\t\t\t\t<\/div>\n\t\t\t\t<\/div>\n\t\t<div class=\"elementor-element elementor-element-4450606 e-con-full e-flex e-con e-child\" data-id=\"4450606\" data-element_type=\"container\" data-settings=\"{&quot;jet_parallax_layout_list&quot;:[]}\">\n\t\t\t\t<div class=\"elementor-element elementor-element-83a82a2 elementor-icon-list--layout-traditional elementor-list-item-link-full_width elementor-widget elementor-widget-icon-list\" data-id=\"83a82a2\" data-element_type=\"widget\" data-widget_type=\"icon-list.default\">\n\t\t\t\t<div class=\"elementor-widget-container\">\n\t\t\t\t\t\t\t<ul class=\"elementor-icon-list-items\">\n\t\t\t\t\t\t\t<li class=\"elementor-icon-list-item\">\n\t\t\t\t\t\t\t\t\t\t\t<span class=\"elementor-icon-list-icon\">\n\t\t\t\t\t\t\t<i aria-hidden=\"true\" class=\"fas fa-check\"><\/i>\t\t\t\t\t\t<\/span>\n\t\t\t\t\t\t\t\t\t\t<span class=\"elementor-icon-list-text\">Qualit\u00e4t<\/span>\n\t\t\t\t\t\t\t\t\t<\/li>\n\t\t\t\t\t\t\t\t<li class=\"elementor-icon-list-item\">\n\t\t\t\t\t\t\t\t\t\t\t<span class=\"elementor-icon-list-icon\">\n\t\t\t\t\t\t\t<i aria-hidden=\"true\" class=\"fas fa-check\"><\/i>\t\t\t\t\t\t<\/span>\n\t\t\t\t\t\t\t\t\t\t<span class=\"elementor-icon-list-text\">Breite Palette<\/span>\n\t\t\t\t\t\t\t\t\t<\/li>\n\t\t\t\t\t\t\t\t<li class=\"elementor-icon-list-item\">\n\t\t\t\t\t\t\t\t\t\t\t<span class=\"elementor-icon-list-icon\">\n\t\t\t\t\t\t\t<i aria-hidden=\"true\" class=\"fas fa-check\"><\/i>\t\t\t\t\t\t<\/span>\n\t\t\t\t\t\t\t\t\t\t<span class=\"elementor-icon-list-text\">Pers\u00f6nlicher Service<\/span>\n\t\t\t\t\t\t\t\t\t<\/li>\n\t\t\t\t\t\t\t\t<li class=\"elementor-icon-list-item\">\n\t\t\t\t\t\t\t\t\t\t\t<span class=\"elementor-icon-list-icon\">\n\t\t\t\t\t\t\t<i aria-hidden=\"true\" class=\"fas fa-check\"><\/i>\t\t\t\t\t\t<\/span>\n\t\t\t\t\t\t\t\t\t\t<span class=\"elementor-icon-list-text\">Ma\u00dfgeschneidert<\/span>\n\t\t\t\t\t\t\t\t\t<\/li>\n\t\t\t\t\t\t<\/ul>\n\t\t\t\t\t\t<\/div>\n\t\t\t\t<\/div>\n\t\t\t\t<\/div>\n\t\t<div class=\"elementor-element elementor-element-3c290aa e-con-full e-flex e-con e-child\" data-id=\"3c290aa\" data-element_type=\"container\" data-settings=\"{&quot;jet_parallax_layout_list&quot;:[]}\">\n\t\t\t\t<div class=\"elementor-element elementor-element-77bb93d elementor-author-box--layout-image-left elementor-author-box--image-valign-middle elementor-widget elementor-widget-author-box\" data-id=\"77bb93d\" data-element_type=\"widget\" data-widget_type=\"author-box.default\">\n\t\t\t\t<div class=\"elementor-widget-container\">\n\t\t\t\t\t\t\t<div class=\"elementor-author-box\">\n\t\t\t\t\t\t\t<div  class=\"elementor-author-box__avatar\">\n\t\t\t\t\t<img decoding=\"async\" src=\"https:\/\/www.maasplant.com\/wp-content\/uploads\/2023\/03\/Vanessa-Maas-Plant.png\" alt=\"Bild von Vanessa\" loading=\"lazy\">\n\t\t\t\t<\/div>\n\t\t\t\n\t\t\t<div class=\"elementor-author-box__text\">\n\t\t\t\t\t\t\t\t\t<div >\n\t\t\t\t\t\t<h4 class=\"elementor-author-box__name\">\n\t\t\t\t\t\t\tVanessa\t\t\t\t\t\t<\/h4>\n\t\t\t\t\t<\/div>\n\t\t\t\t\n\t\t\t\t\t\t\t\t\t<div class=\"elementor-author-box__bio\">\n\t\t\t\t\t\t<p>Rundum-Unterst\u00fctzung<\/p>\n\t\t\t\t\t<\/div>\n\t\t\t\t\n\t\t\t\t\t\t\t<\/div>\n\t\t<\/div>\n\t\t\t\t\t\t<\/div>\n\t\t\t\t<\/div>\n\t\t\t\t<\/div>\n\t\t\t\t<\/div>\n\t\t\t\t<\/div>\n\t\t<div class=\"elementor-element elementor-element-f9c5fb4 e-con-full e-flex e-con e-child\" data-id=\"f9c5fb4\" data-element_type=\"container\" data-settings=\"{&quot;jet_parallax_layout_list&quot;:[]}\">\n\t\t\t\t<div class=\"elementor-element elementor-element-5da0aac elementor-widget elementor-widget-heading\" data-id=\"5da0aac\" data-element_type=\"widget\" data-widget_type=\"heading.default\">\n\t\t\t\t<div class=\"elementor-widget-container\">\n\t\t\t\t\t<h2 class=\"elementor-heading-title elementor-size-default\">Bereiten Sie Ihr Angebot vor<\/h2>\t\t\t\t<\/div>\n\t\t\t\t<\/div>\n\t\t\t\t<div class=\"elementor-element elementor-element-99cbd8f elementor-button-align-stretch elementor-widget elementor-widget-form\" data-id=\"99cbd8f\" data-element_type=\"widget\" data-settings=\"{&quot;step_next_label&quot;:&quot;Next&quot;,&quot;step_previous_label&quot;:&quot;Previous&quot;,&quot;button_width&quot;:&quot;100&quot;,&quot;step_type&quot;:&quot;number_text&quot;,&quot;step_icon_shape&quot;:&quot;circle&quot;}\" data-widget_type=\"form.default\">\n\t\t\t\t<div class=\"elementor-widget-container\">\n\t\t\t\t\t\t\t<form class=\"elementor-form\" method=\"post\" name=\"Offerte zakelijk\" aria-label=\"Offerte zakelijk\" action=\"\">\n\t\t\t<input type=\"hidden\" name=\"post_id\" value=\"2229\"\/>\n\t\t\t<input type=\"hidden\" name=\"form_id\" value=\"99cbd8f\"\/>\n\t\t\t<input type=\"hidden\" name=\"referer_title\" value=\"www.maasplant.com\" \/>\n\n\t\t\t\n\t\t\t<div class=\"elementor-form-fields-wrapper elementor-labels-above\">\n\t\t\t\t\t\t\t\t<div class=\"elementor-field-type-text elementor-field-group elementor-column elementor-field-group-name elementor-col-100 elementor-field-required elementor-mark-required\">\n\t\t\t\t\t\t\t\t\t\t\t\t<label for=\"form-field-name\" class=\"elementor-field-label\">\n\t\t\t\t\t\t\t\tName\t\t\t\t\t\t\t<\/label>\n\t\t\t\t\t\t\t\t\t\t\t\t\t\t<input size=\"1\" type=\"text\" name=\"form_fields[name]\" id=\"form-field-name\" class=\"elementor-field elementor-size-md  elementor-field-textual\" placeholder=\"Name\" required=\"required\">\n\t\t\t\t\t\t\t\t\t\t\t<\/div>\n\t\t\t\t\t\t\t\t<div class=\"elementor-field-type-text elementor-field-group elementor-column elementor-field-group-email elementor-col-100\">\n\t\t\t\t\t\t\t\t\t\t\t\t<label for=\"form-field-email\" class=\"elementor-field-label\">\n\t\t\t\t\t\t\t\tName des Unternehmens\t\t\t\t\t\t\t<\/label>\n\t\t\t\t\t\t\t\t\t\t\t\t\t\t<input size=\"1\" type=\"text\" name=\"form_fields[email]\" id=\"form-field-email\" class=\"elementor-field elementor-size-md  elementor-field-textual\" placeholder=\"Name des Unternehmens\">\n\t\t\t\t\t\t\t\t\t\t\t<\/div>\n\t\t\t\t\t\t\t\t<div class=\"elementor-field-type-email elementor-field-group elementor-column elementor-field-group-message elementor-col-100 elementor-field-required elementor-mark-required\">\n\t\t\t\t\t\t\t\t\t\t\t\t<label for=\"form-field-message\" class=\"elementor-field-label\">\n\t\t\t\t\t\t\t\tE-Mail Adresse\t\t\t\t\t\t\t<\/label>\n\t\t\t\t\t\t\t\t\t\t\t\t\t\t<input size=\"1\" type=\"email\" name=\"form_fields[message]\" id=\"form-field-message\" class=\"elementor-field elementor-size-md  elementor-field-textual\" placeholder=\"E-Mail Adresse\" required=\"required\">\n\t\t\t\t\t\t\t\t\t\t\t<\/div>\n\t\t\t\t\t\t\t\t<div class=\"elementor-field-type-tel elementor-field-group elementor-column elementor-field-group-field_a3a5b04 elementor-col-100\">\n\t\t\t\t\t\t\t\t\t\t\t\t<label for=\"form-field-field_a3a5b04\" class=\"elementor-field-label\">\n\t\t\t\t\t\t\t\tRufnummer\t\t\t\t\t\t\t<\/label>\n\t\t\t\t\t\t\t\t<input size=\"1\" type=\"tel\" name=\"form_fields[field_a3a5b04]\" id=\"form-field-field_a3a5b04\" class=\"elementor-field elementor-size-md  elementor-field-textual\" placeholder=\"Rufnummer\" pattern=\"[0-9()#&amp;+*-=.]+\" title=\"Es werden nur Nummern oder Telefon-Zeichen (#, -, *, etc) akzeptiert.\">\n\n\t\t\t\t\t\t<\/div>\n\t\t\t\t\t\t\t\t<div class=\"elementor-field-type-textarea elementor-field-group elementor-column elementor-field-group-field_319a6f5 elementor-col-100 elementor-field-required elementor-mark-required\">\n\t\t\t\t\t\t\t\t\t\t\t\t<label for=\"form-field-field_319a6f5\" class=\"elementor-field-label\">\n\t\t\t\t\t\t\t\tArt und Anzahl der Pflanzen\t\t\t\t\t\t\t<\/label>\n\t\t\t\t\t\t<textarea class=\"elementor-field-textual elementor-field  elementor-size-md\" name=\"form_fields[field_319a6f5]\" id=\"form-field-field_319a6f5\" rows=\"2\" placeholder=\"Art und Anzahl der Pflanzen\" required=\"required\"><\/textarea>\t\t\t\t<\/div>\n\t\t\t\t\t\t\t\t<div class=\"elementor-field-type-text elementor-field-group elementor-column elementor-field-group-field_6c8d52c elementor-col-100\">\n\t\t\t\t\t\t\t\t\t\t\t\t<label for=\"form-field-field_6c8d52c\" class=\"elementor-field-label\">\n\t\t\t\t\t\t\t\tGew\u00fcnschtes Lieferdatum\t\t\t\t\t\t\t<\/label>\n\t\t\t\t\t\t\t\t\t\t\t\t\t\t<input size=\"1\" type=\"text\" name=\"form_fields[field_6c8d52c]\" id=\"form-field-field_6c8d52c\" class=\"elementor-field elementor-size-md  elementor-field-textual\" placeholder=\"Gew\u00fcnschtes Lieferdatum\">\n\t\t\t\t\t\t\t\t\t\t\t<\/div>\n\t\t\t\t\t\t\t\t<div class=\"elementor-field-type-textarea elementor-field-group elementor-column elementor-field-group-field_3d9e975 elementor-col-100\">\n\t\t\t\t\t\t\t\t\t\t\t\t<label for=\"form-field-field_3d9e975\" class=\"elementor-field-label\">\n\t\t\t\t\t\t\t\tKommentare oder Sonderw\u00fcnsche\t\t\t\t\t\t\t<\/label>\n\t\t\t\t\t\t<textarea class=\"elementor-field-textual elementor-field  elementor-size-md\" name=\"form_fields[field_3d9e975]\" id=\"form-field-field_3d9e975\" rows=\"4\" placeholder=\"Kommentare oder Sonderw\u00fcnsche\"><\/textarea>\t\t\t\t<\/div>\n\t\t\t\t\t\t\t\t<div class=\"elementor-field-type-recaptcha_v3 elementor-field-group elementor-column elementor-field-group-field_a6f3a33 elementor-col-100 recaptcha_v3-bottomright\">\n\t\t\t\t\t<div class=\"elementor-field\" id=\"form-field-field_a6f3a33\"><div class=\"elementor-g-recaptcha\" data-sitekey=\"6LceHtwZAAAAAL6t0HqlZn-TdnVsQ8taFE9ZUT0v\" data-type=\"v3\" data-action=\"Form\" data-badge=\"bottomright\" data-size=\"invisible\"><\/div><\/div>\t\t\t\t<\/div>\n\t\t\t\t\t\t\t\t<div class=\"elementor-field-group elementor-column elementor-field-type-submit elementor-col-100 e-form__buttons\">\n\t\t\t\t\t<button class=\"elementor-button elementor-size-sm\" type=\"submit\">\n\t\t\t\t\t\t<span class=\"elementor-button-content-wrapper\">\n\t\t\t\t\t\t\t\t\t\t\t\t\t\t\t\t\t\t\t\t\t\t<span class=\"elementor-button-text\">Angebot anfordern<\/span>\n\t\t\t\t\t\t\t\t\t\t\t\t\t<\/span>\n\t\t\t\t\t<\/button>\n\t\t\t\t<\/div>\n\t\t\t<\/div>\n\t\t<input type=\"hidden\" name=\"trp-form-language\" value=\"de\"\/><\/form>\n\t\t\t\t\t\t<\/div>\n\t\t\t\t<\/div>\n\t\t\t\t<\/div>\n\t\t\t\t<\/div>\n\t\t\t\t\t<\/div>\n\t\t\t\t<\/div>\n\t\t\t\t<\/div>","protected":false},"excerpt":{"rendered":"<p>Angebot anfordern Kontaktformular Kontakt aufnehmen Wir sind bereit zu helfen! Setzen Sie sich mit uns in Verbindung, indem Sie die nachstehenden Angaben machen oder das Kontaktformular ausf\u00fcllen. Wir werden Ihnen so schnell wie m\u00f6glich antworten. Angebot von Maas Plant anfordern Wir bieten Ihnen Pflanzen von h\u00f6chster Qualit\u00e4t, die sorgf\u00e4ltig angebaut und ausgew\u00e4hlt werden, um [...]<\/p>","protected":false},"author":5,"featured_media":0,"parent":0,"menu_order":0,"comment_status":"closed","ping_status":"closed","template":"elementor_header_footer","meta":{"_acf_changed":false,"inline_featured_image":false,"footnotes":""},"class_list":["post-2229","page","type-page","status-publish","hentry"],"acf":[],"yoast_head":"<!-- This site is optimized with the Yoast SEO plugin v26.2 - https:\/\/yoast.com\/wordpress\/plugins\/seo\/ -->\n<title>Offerte aanvragen - www.maasplant.com<\/title>\n<meta name=\"robots\" content=\"index, follow, max-snippet:-1, max-image-preview:large, max-video-preview:-1\" \/>\n<link rel=\"canonical\" href=\"https:\/\/www.maasplant.com\/de\/angebotsanfragen\/\" \/>\n<meta property=\"og:locale\" content=\"de_DE\" \/>\n<meta property=\"og:type\" content=\"article\" \/>\n<meta property=\"og:title\" content=\"Offerte aanvragen - www.maasplant.com\" \/>\n<meta property=\"og:description\" content=\"Offerte Offerte aanvragen Contactformulier Neem contact op Wij staan voor je klaar! Neem contact met ons op via de onderstaande gegevens of vul het contactformulier in. We reageren zo snel mogelijk. Vraag een offerte aan bij Maas Plant Wij bieden planten van de hoogste kwaliteit, zorgvuldig gekweekt en geselecteerd om ervoor te zorgen dat ze [&hellip;]\" \/>\n<meta property=\"og:url\" content=\"https:\/\/www.maasplant.com\/de\/angebotsanfragen\/\" \/>\n<meta property=\"og:site_name\" content=\"www.maasplant.com\" \/>\n<meta property=\"article:modified_time\" content=\"2025-03-31T07:27:42+00:00\" \/>\n<meta property=\"og:image\" content=\"https:\/\/www.maasplant.com\/wp-content\/uploads\/2023\/05\/Banner-Maas-Plant-06-1.png\" \/>\n\t<meta property=\"og:image:width\" content=\"1190\" \/>\n\t<meta property=\"og:image:height\" content=\"781\" \/>\n\t<meta property=\"og:image:type\" content=\"image\/png\" \/>\n<meta name=\"twitter:card\" content=\"summary_large_image\" \/>\n<meta name=\"twitter:label1\" content=\"Gesch\u00e4tzte Lesezeit\" \/>\n\t<meta name=\"twitter:data1\" content=\"1\u00a0Minute\" \/>\n<script type=\"application\/ld+json\" class=\"yoast-schema-graph\">{\"@context\":\"https:\/\/schema.org\",\"@graph\":[{\"@type\":\"WebPage\",\"@id\":\"https:\/\/www.maasplant.com\/de\/angebotsanfragen\/\",\"url\":\"https:\/\/www.maasplant.com\/de\/angebotsanfragen\/\",\"name\":\"Offerte aanvragen - www.maasplant.com\",\"isPartOf\":{\"@id\":\"https:\/\/www.maasplant.com\/de\/#website\"},\"primaryImageOfPage\":{\"@id\":\"https:\/\/www.maasplant.com\/de\/angebotsanfragen\/#primaryimage\"},\"image\":{\"@id\":\"https:\/\/www.maasplant.com\/de\/angebotsanfragen\/#primaryimage\"},\"thumbnailUrl\":\"https:\/\/www.maasplant.com\/wp-content\/uploads\/2023\/05\/Banner-Maas-Plant-06-1-1024x672.png\",\"datePublished\":\"2023-03-20T10:37:10+00:00\",\"dateModified\":\"2025-03-31T07:27:42+00:00\",\"breadcrumb\":{\"@id\":\"https:\/\/www.maasplant.com\/de\/angebotsanfragen\/#breadcrumb\"},\"inLanguage\":\"de\",\"potentialAction\":[{\"@type\":\"ReadAction\",\"target\":[\"https:\/\/www.maasplant.com\/de\/angebotsanfragen\/\"]}]},{\"@type\":\"ImageObject\",\"inLanguage\":\"de\",\"@id\":\"https:\/\/www.maasplant.com\/de\/angebotsanfragen\/#primaryimage\",\"url\":\"https:\/\/www.maasplant.com\/wp-content\/uploads\/2023\/05\/Banner-Maas-Plant-06-1-1024x672.png\",\"contentUrl\":\"https:\/\/www.maasplant.com\/wp-content\/uploads\/2023\/05\/Banner-Maas-Plant-06-1-1024x672.png\"},{\"@type\":\"BreadcrumbList\",\"@id\":\"https:\/\/www.maasplant.com\/de\/angebotsanfragen\/#breadcrumb\",\"itemListElement\":[{\"@type\":\"ListItem\",\"position\":1,\"name\":\"Home\",\"item\":\"https:\/\/www.maasplant.com\/\"},{\"@type\":\"ListItem\",\"position\":2,\"name\":\"Offerte aanvragen\"}]},{\"@type\":\"WebSite\",\"@id\":\"https:\/\/www.maasplant.com\/de\/#website\",\"url\":\"https:\/\/www.maasplant.com\/de\/\",\"name\":\"www.maasplant.com\",\"description\":\"\",\"publisher\":{\"@id\":\"https:\/\/www.maasplant.com\/de\/#organization\"},\"potentialAction\":[{\"@type\":\"SearchAction\",\"target\":{\"@type\":\"EntryPoint\",\"urlTemplate\":\"https:\/\/www.maasplant.com\/de\/?s={search_term_string}\"},\"query-input\":{\"@type\":\"PropertyValueSpecification\",\"valueRequired\":true,\"valueName\":\"search_term_string\"}}],\"inLanguage\":\"de\"},{\"@type\":\"Organization\",\"@id\":\"https:\/\/www.maasplant.com\/de\/#organization\",\"name\":\"www.maasplant.com\",\"url\":\"https:\/\/www.maasplant.com\/de\/\",\"logo\":{\"@type\":\"ImageObject\",\"inLanguage\":\"de\",\"@id\":\"https:\/\/www.maasplant.com\/de\/#\/schema\/logo\/image\/\",\"url\":\"https:\/\/www.maasplant.com\/wp-content\/uploads\/2020\/07\/Logo-maasplant-vlinder.svg\",\"contentUrl\":\"https:\/\/www.maasplant.com\/wp-content\/uploads\/2020\/07\/Logo-maasplant-vlinder.svg\",\"width\":71,\"height\":72,\"caption\":\"www.maasplant.com\"},\"image\":{\"@id\":\"https:\/\/www.maasplant.com\/de\/#\/schema\/logo\/image\/\"}}]}<\/script>\n<!-- \/ Yoast SEO plugin. -->","yoast_head_json":{"title":"Ein Angebot anfordern - www.maasplant.com","robots":{"index":"index","follow":"follow","max-snippet":"max-snippet:-1","max-image-preview":"max-image-preview:large","max-video-preview":"max-video-preview:-1"},"canonical":"https:\/\/www.maasplant.com\/de\/angebotsanfragen\/","og_locale":"de_DE","og_type":"article","og_title":"Offerte aanvragen - www.maasplant.com","og_description":"Offerte Offerte aanvragen Contactformulier Neem contact op Wij staan voor je klaar! Neem contact met ons op via de onderstaande gegevens of vul het contactformulier in. We reageren zo snel mogelijk. Vraag een offerte aan bij Maas Plant Wij bieden planten van de hoogste kwaliteit, zorgvuldig gekweekt en geselecteerd om ervoor te zorgen dat ze [&hellip;]","og_url":"https:\/\/www.maasplant.com\/de\/angebotsanfragen\/","og_site_name":"www.maasplant.com","article_modified_time":"2025-03-31T07:27:42+00:00","og_image":[{"width":1190,"height":781,"url":"https:\/\/www.maasplant.com\/wp-content\/uploads\/2023\/05\/Banner-Maas-Plant-06-1.png","type":"image\/png"}],"twitter_card":"summary_large_image","twitter_misc":{"Gesch\u00e4tzte Lesezeit":"1\u00a0Minute"},"schema":{"@context":"https:\/\/schema.org","@graph":[{"@type":"WebPage","@id":"https:\/\/www.maasplant.com\/de\/angebotsanfragen\/","url":"https:\/\/www.maasplant.com\/de\/angebotsanfragen\/","name":"Ein Angebot anfordern - www.maasplant.com","isPartOf":{"@id":"https:\/\/www.maasplant.com\/de\/#website"},"primaryImageOfPage":{"@id":"https:\/\/www.maasplant.com\/de\/angebotsanfragen\/#primaryimage"},"image":{"@id":"https:\/\/www.maasplant.com\/de\/angebotsanfragen\/#primaryimage"},"thumbnailUrl":"https:\/\/www.maasplant.com\/wp-content\/uploads\/2023\/05\/Banner-Maas-Plant-06-1-1024x672.png","datePublished":"2023-03-20T10:37:10+00:00","dateModified":"2025-03-31T07:27:42+00:00","breadcrumb":{"@id":"https:\/\/www.maasplant.com\/de\/angebotsanfragen\/#breadcrumb"},"inLanguage":"de","potentialAction":[{"@type":"ReadAction","target":["https:\/\/www.maasplant.com\/de\/angebotsanfragen\/"]}]},{"@type":"ImageObject","inLanguage":"de","@id":"https:\/\/www.maasplant.com\/de\/angebotsanfragen\/#primaryimage","url":"https:\/\/www.maasplant.com\/wp-content\/uploads\/2023\/05\/Banner-Maas-Plant-06-1-1024x672.png","contentUrl":"https:\/\/www.maasplant.com\/wp-content\/uploads\/2023\/05\/Banner-Maas-Plant-06-1-1024x672.png"},{"@type":"BreadcrumbList","@id":"https:\/\/www.maasplant.com\/de\/angebotsanfragen\/#breadcrumb","itemListElement":[{"@type":"ListItem","position":1,"name":"Home","item":"https:\/\/www.maasplant.com\/"},{"@type":"ListItem","position":2,"name":"Offerte aanvragen"}]},{"@type":"WebSite","@id":"https:\/\/www.maasplant.com\/de\/#website","url":"https:\/\/www.maasplant.com\/de\/","name":"www.maasplant.com","description":"","publisher":{"@id":"https:\/\/www.maasplant.com\/de\/#organization"},"potentialAction":[{"@type":"SearchAction","target":{"@type":"EntryPoint","urlTemplate":"https:\/\/www.maasplant.com\/de\/?s={search_term_string}"},"query-input":{"@type":"PropertyValueSpecification","valueRequired":true,"valueName":"search_term_string"}}],"inLanguage":"de"},{"@type":"Organization","@id":"https:\/\/www.maasplant.com\/de\/#organization","name":"www.maasplant.com","url":"https:\/\/www.maasplant.com\/de\/","logo":{"@type":"ImageObject","inLanguage":"de","@id":"https:\/\/www.maasplant.com\/de\/#\/schema\/logo\/image\/","url":"https:\/\/www.maasplant.com\/wp-content\/uploads\/2020\/07\/Logo-maasplant-vlinder.svg","contentUrl":"https:\/\/www.maasplant.com\/wp-content\/uploads\/2020\/07\/Logo-maasplant-vlinder.svg","width":71,"height":72,"caption":"www.maasplant.com"},"image":{"@id":"https:\/\/www.maasplant.com\/de\/#\/schema\/logo\/image\/"}}]}},"_links":{"self":[{"href":"https:\/\/www.maasplant.com\/de\/wp-json\/wp\/v2\/pages\/2229","targetHints":{"allow":["GET"]}}],"collection":[{"href":"https:\/\/www.maasplant.com\/de\/wp-json\/wp\/v2\/pages"}],"about":[{"href":"https:\/\/www.maasplant.com\/de\/wp-json\/wp\/v2\/types\/page"}],"author":[{"embeddable":true,"href":"https:\/\/www.maasplant.com\/de\/wp-json\/wp\/v2\/users\/5"}],"replies":[{"embeddable":true,"href":"https:\/\/www.maasplant.com\/de\/wp-json\/wp\/v2\/comments?post=2229"}],"version-history":[{"count":34,"href":"https:\/\/www.maasplant.com\/de\/wp-json\/wp\/v2\/pages\/2229\/revisions"}],"predecessor-version":[{"id":3295,"href":"https:\/\/www.maasplant.com\/de\/wp-json\/wp\/v2\/pages\/2229\/revisions\/3295"}],"wp:attachment":[{"href":"https:\/\/www.maasplant.com\/de\/wp-json\/wp\/v2\/media?parent=2229"}],"curies":[{"name":"wp","href":"https:\/\/api.w.org\/{rel}","templated":true}]}}