{"id":155,"date":"2020-07-23T09:56:28","date_gmt":"2020-07-23T09:56:28","guid":{"rendered":"https:\/\/www.maasplant.com\/?page_id=155"},"modified":"2025-07-01T13:33:40","modified_gmt":"2025-07-01T11:33:40","slug":"kontaktieren","status":"publish","type":"page","link":"https:\/\/www.maasplant.com\/de\/kontaktieren\/","title":{"rendered":"Kontakt"},"content":{"rendered":"<div data-elementor-type=\"wp-page\" data-elementor-id=\"155\" class=\"elementor elementor-155\" data-elementor-post-type=\"page\">\n\t\t\t\t<div class=\"elementor-element elementor-element-7fb3904 e-flex e-con-boxed e-con e-parent\" data-id=\"7fb3904\" data-element_type=\"container\" data-settings=\"{&quot;background_background&quot;:&quot;classic&quot;,&quot;jet_parallax_layout_list&quot;:[]}\">\n\t\t\t\t\t<div class=\"e-con-inner\">\n\t\t<div class=\"elementor-element elementor-element-80d6c39 e-con-full e-flex e-con e-child\" data-id=\"80d6c39\" data-element_type=\"container\" data-settings=\"{&quot;jet_parallax_layout_list&quot;:[]}\">\n\t\t<div class=\"elementor-element elementor-element-be43948 e-con-full e-flex e-con e-child\" data-id=\"be43948\" data-element_type=\"container\" data-settings=\"{&quot;jet_parallax_layout_list&quot;:[]}\">\n\t\t\t\t<div class=\"elementor-element elementor-element-efbfab4 elementor-icon-list--layout-traditional elementor-list-item-link-full_width elementor-widget elementor-widget-icon-list\" data-id=\"efbfab4\" data-element_type=\"widget\" data-widget_type=\"icon-list.default\">\n\t\t\t\t<div class=\"elementor-widget-container\">\n\t\t\t\t\t\t\t<ul class=\"elementor-icon-list-items\">\n\t\t\t\t\t\t\t<li class=\"elementor-icon-list-item\">\n\t\t\t\t\t\t\t\t\t\t<span class=\"elementor-icon-list-text\">Kontakt<\/span>\n\t\t\t\t\t\t\t\t\t<\/li>\n\t\t\t\t\t\t<\/ul>\n\t\t\t\t\t\t<\/div>\n\t\t\t\t<\/div>\n\t\t\t\t<div class=\"elementor-element elementor-element-91fa955 elementor-widget elementor-widget-heading\" data-id=\"91fa955\" data-element_type=\"widget\" data-widget_type=\"heading.default\">\n\t\t\t\t<div class=\"elementor-widget-container\">\n\t\t\t\t\t<h1 class=\"elementor-heading-title elementor-size-default\">Kontakt aufnehmen<\/h1>\t\t\t\t<\/div>\n\t\t\t\t<\/div>\n\t\t\t\t<div class=\"elementor-element elementor-element-17a5287 elementor-widget elementor-widget-heading\" data-id=\"17a5287\" data-element_type=\"widget\" data-widget_type=\"heading.default\">\n\t\t\t\t<div class=\"elementor-widget-container\">\n\t\t\t\t\t<span class=\"elementor-heading-title elementor-size-default\">Kontaktieren Sie Maasplant in Zundert.<\/span>\t\t\t\t<\/div>\n\t\t\t\t<\/div>\n\t\t\t\t<\/div>\n\t\t\t\t<\/div>\n\t\t<div class=\"elementor-element elementor-element-e5aa953 e-con-full e-flex e-con e-child\" data-id=\"e5aa953\" data-element_type=\"container\" data-settings=\"{&quot;jet_parallax_layout_list&quot;:[]}\">\n\t\t\t\t<div class=\"elementor-element elementor-element-03e1008 elementor-widget elementor-widget-image\" data-id=\"03e1008\" data-element_type=\"widget\" data-widget_type=\"image.default\">\n\t\t\t\t<div class=\"elementor-widget-container\">\n\t\t\t\t\t\t\t\t\t\t\t\t\t\t\t<img fetchpriority=\"high\" decoding=\"async\" width=\"800\" height=\"525\" src=\"https:\/\/www.maasplant.com\/wp-content\/uploads\/2023\/05\/Banner-Maas-Plant-06-1-1024x672.png\" class=\"attachment-large size-large wp-image-2822\" alt=\"\" srcset=\"https:\/\/www.maasplant.com\/wp-content\/uploads\/2023\/05\/Banner-Maas-Plant-06-1-1024x672.png 1024w, https:\/\/www.maasplant.com\/wp-content\/uploads\/2023\/05\/Banner-Maas-Plant-06-1-300x197.png 300w, https:\/\/www.maasplant.com\/wp-content\/uploads\/2023\/05\/Banner-Maas-Plant-06-1-768x504.png 768w, https:\/\/www.maasplant.com\/wp-content\/uploads\/2023\/05\/Banner-Maas-Plant-06-1-18x12.png 18w, https:\/\/www.maasplant.com\/wp-content\/uploads\/2023\/05\/Banner-Maas-Plant-06-1.png 1190w\" sizes=\"(max-width: 800px) 100vw, 800px\" \/>\t\t\t\t\t\t\t\t\t\t\t\t\t\t\t<\/div>\n\t\t\t\t<\/div>\n\t\t\t\t<\/div>\n\t\t\t\t\t<\/div>\n\t\t\t\t<\/div>\n\t\t<div class=\"elementor-element elementor-element-5778cc2 e-flex e-con-boxed e-con e-parent\" data-id=\"5778cc2\" data-element_type=\"container\" data-settings=\"{&quot;jet_parallax_layout_list&quot;:[]}\">\n\t\t\t\t\t<div class=\"e-con-inner\">\n\t\t<div class=\"elementor-element elementor-element-5d09929 e-con-full e-flex e-con e-child\" data-id=\"5d09929\" data-element_type=\"container\" data-settings=\"{&quot;jet_parallax_layout_list&quot;:[]}\">\n\t\t\t\t<div class=\"elementor-element elementor-element-86d9751 elementor-icon-list--layout-traditional elementor-list-item-link-full_width elementor-widget elementor-widget-icon-list\" data-id=\"86d9751\" data-element_type=\"widget\" data-widget_type=\"icon-list.default\">\n\t\t\t\t<div class=\"elementor-widget-container\">\n\t\t\t\t\t\t\t<ul class=\"elementor-icon-list-items\">\n\t\t\t\t\t\t\t<li class=\"elementor-icon-list-item\">\n\t\t\t\t\t\t\t\t\t\t<span class=\"elementor-icon-list-text\">Kontakt-Formular<\/span>\n\t\t\t\t\t\t\t\t\t<\/li>\n\t\t\t\t\t\t<\/ul>\n\t\t\t\t\t\t<\/div>\n\t\t\t\t<\/div>\n\t\t\t\t<div class=\"elementor-element elementor-element-ed77826 elementor-widget elementor-widget-heading\" data-id=\"ed77826\" data-element_type=\"widget\" data-widget_type=\"heading.default\">\n\t\t\t\t<div class=\"elementor-widget-container\">\n\t\t\t\t\t<h2 class=\"elementor-heading-title elementor-size-default\">Wir helfen<\/h2>\t\t\t\t<\/div>\n\t\t\t\t<\/div>\n\t\t\t\t<div class=\"elementor-element elementor-element-c1e8604 elementor-widget elementor-widget-text-editor\" data-id=\"c1e8604\" data-element_type=\"widget\" data-widget_type=\"text-editor.default\">\n\t\t\t\t<div class=\"elementor-widget-container\">\n\t\t\t\t\t\t\t\t\tWir sind f\u00fcr Sie da! Setzen Sie sich mit uns in Verbindung, indem Sie die nachstehenden Angaben machen oder das Kontaktformular ausf\u00fcllen. Wir werden Ihnen so schnell wie m\u00f6glich antworten.\t\t\t\t\t\t\t\t<\/div>\n\t\t\t\t<\/div>\n\t\t\t\t<\/div>\n\t\t<div class=\"elementor-element elementor-element-5006727 e-con-full e-flex e-con e-child\" data-id=\"5006727\" data-element_type=\"container\" data-settings=\"{&quot;jet_parallax_layout_list&quot;:[]}\">\n\t\t<div class=\"elementor-element elementor-element-ba7bd22 e-con-full e-flex e-con e-child\" data-id=\"ba7bd22\" data-element_type=\"container\" data-settings=\"{&quot;jet_parallax_layout_list&quot;:[]}\">\n\t\t<div class=\"elementor-element elementor-element-a961dba e-con-full e-flex e-con e-child\" data-id=\"a961dba\" data-element_type=\"container\" data-settings=\"{&quot;background_background&quot;:&quot;classic&quot;,&quot;jet_parallax_layout_list&quot;:[]}\">\n\t\t<div class=\"elementor-element elementor-element-5c104a7 e-con-full e-flex e-con e-child\" data-id=\"5c104a7\" data-element_type=\"container\" data-settings=\"{&quot;jet_parallax_layout_list&quot;:[]}\">\n\t\t\t\t<div class=\"elementor-element elementor-element-a34289c elementor-widget elementor-widget-heading\" data-id=\"a34289c\" data-element_type=\"widget\" data-widget_type=\"heading.default\">\n\t\t\t\t<div class=\"elementor-widget-container\">\n\t\t\t\t\t<span class=\"elementor-heading-title elementor-size-default\">Rufnummer<\/span>\t\t\t\t<\/div>\n\t\t\t\t<\/div>\n\t\t\t\t<div class=\"elementor-element elementor-element-83fad8d elementor-icon-list--layout-traditional elementor-list-item-link-full_width elementor-widget elementor-widget-icon-list\" data-id=\"83fad8d\" data-element_type=\"widget\" data-widget_type=\"icon-list.default\">\n\t\t\t\t<div class=\"elementor-widget-container\">\n\t\t\t\t\t\t\t<ul class=\"elementor-icon-list-items\">\n\t\t\t\t\t\t\t<li class=\"elementor-icon-list-item\">\n\t\t\t\t\t\t\t\t\t\t\t<a href=\"tel:0031(0)765970800\">\n\n\t\t\t\t\t\t\t\t\t\t\t<span class=\"elementor-icon-list-text\">0031(0) 76 597 0800<\/span>\n\t\t\t\t\t\t\t\t\t\t\t<\/a>\n\t\t\t\t\t\t\t\t\t<\/li>\n\t\t\t\t\t\t<\/ul>\n\t\t\t\t\t\t<\/div>\n\t\t\t\t<\/div>\n\t\t\t\t<\/div>\n\t\t<div class=\"elementor-element elementor-element-b3a37c6 e-con-full e-flex e-con e-child\" data-id=\"b3a37c6\" data-element_type=\"container\" data-settings=\"{&quot;jet_parallax_layout_list&quot;:[]}\">\n\t\t\t\t<div class=\"elementor-element elementor-element-cd97e4c elementor-widget elementor-widget-heading\" data-id=\"cd97e4c\" data-element_type=\"widget\" data-widget_type=\"heading.default\">\n\t\t\t\t<div class=\"elementor-widget-container\">\n\t\t\t\t\t<span class=\"elementor-heading-title elementor-size-default\">E-mail<\/span>\t\t\t\t<\/div>\n\t\t\t\t<\/div>\n\t\t\t\t<div class=\"elementor-element elementor-element-b6f83d9 elementor-icon-list--layout-traditional elementor-list-item-link-full_width elementor-widget elementor-widget-icon-list\" data-id=\"b6f83d9\" data-element_type=\"widget\" data-widget_type=\"icon-list.default\">\n\t\t\t\t<div class=\"elementor-widget-container\">\n\t\t\t\t\t\t\t<ul class=\"elementor-icon-list-items\">\n\t\t\t\t\t\t\t<li class=\"elementor-icon-list-item\">\n\t\t\t\t\t\t\t\t\t\t\t<a href=\"mailto:maasplant@maasplant.nl\">\n\n\t\t\t\t\t\t\t\t\t\t\t<span class=\"elementor-icon-list-text\">maasplant@maasplant.nl<\/span>\n\t\t\t\t\t\t\t\t\t\t\t<\/a>\n\t\t\t\t\t\t\t\t\t<\/li>\n\t\t\t\t\t\t<\/ul>\n\t\t\t\t\t\t<\/div>\n\t\t\t\t<\/div>\n\t\t\t\t<\/div>\n\t\t<div class=\"elementor-element elementor-element-1dfa498 e-con-full e-flex e-con e-child\" data-id=\"1dfa498\" data-element_type=\"container\" data-settings=\"{&quot;jet_parallax_layout_list&quot;:[]}\">\n\t\t\t\t<div class=\"elementor-element elementor-element-4127726 elementor-widget elementor-widget-heading\" data-id=\"4127726\" data-element_type=\"widget\" data-widget_type=\"heading.default\">\n\t\t\t\t<div class=\"elementor-widget-container\">\n\t\t\t\t\t<span class=\"elementor-heading-title elementor-size-default\">Adresse<\/span>\t\t\t\t<\/div>\n\t\t\t\t<\/div>\n\t\t\t\t<div class=\"elementor-element elementor-element-a95205e elementor-icon-list--layout-traditional elementor-list-item-link-full_width elementor-widget elementor-widget-icon-list\" data-id=\"a95205e\" data-element_type=\"widget\" data-widget_type=\"icon-list.default\">\n\t\t\t\t<div class=\"elementor-widget-container\">\n\t\t\t\t\t\t\t<ul class=\"elementor-icon-list-items\">\n\t\t\t\t\t\t\t<li class=\"elementor-icon-list-item\">\n\t\t\t\t\t\t\t\t\t\t<span class=\"elementor-icon-list-text\">Prof.H. v\/d Hoevenstraat 10b 4882 JE Zundert (NL)<\/span>\n\t\t\t\t\t\t\t\t\t<\/li>\n\t\t\t\t\t\t<\/ul>\n\t\t\t\t\t\t<\/div>\n\t\t\t\t<\/div>\n\t\t\t\t<\/div>\n\t\t\t\t<\/div>\n\t\t\t\t<\/div>\n\t\t<div class=\"elementor-element elementor-element-1a7765a e-con-full e-flex e-con e-child\" data-id=\"1a7765a\" data-element_type=\"container\" data-settings=\"{&quot;jet_parallax_layout_list&quot;:[]}\">\n\t\t\t\t<div class=\"elementor-element elementor-element-0590967 elementor-widget elementor-widget-heading\" data-id=\"0590967\" data-element_type=\"widget\" data-widget_type=\"heading.default\">\n\t\t\t\t<div class=\"elementor-widget-container\">\n\t\t\t\t\t<h2 class=\"elementor-heading-title elementor-size-default\">Senden Sie uns eine Nachricht<\/h2>\t\t\t\t<\/div>\n\t\t\t\t<\/div>\n\t\t\t\t<div class=\"elementor-element elementor-element-9789e35 elementor-button-align-stretch elementor-widget elementor-widget-form\" data-id=\"9789e35\" data-element_type=\"widget\" data-settings=\"{&quot;step_next_label&quot;:&quot;Next&quot;,&quot;step_previous_label&quot;:&quot;Previous&quot;,&quot;button_width&quot;:&quot;100&quot;,&quot;step_type&quot;:&quot;number_text&quot;,&quot;step_icon_shape&quot;:&quot;circle&quot;}\" data-widget_type=\"form.default\">\n\t\t\t\t<div class=\"elementor-widget-container\">\n\t\t\t\t\t\t\t<form class=\"elementor-form\" method=\"post\" name=\"Contactformulier\" aria-label=\"Kontakt-Formular\" action=\"\">\n\t\t\t<input type=\"hidden\" name=\"post_id\" value=\"155\"\/>\n\t\t\t<input type=\"hidden\" name=\"form_id\" value=\"9789e35\"\/>\n\t\t\t<input type=\"hidden\" name=\"referer_title\" value=\"Contact | Maas Plant | uw leverancier van groen!\" \/>\n\n\t\t\t\t\t\t\t<input type=\"hidden\" name=\"queried_id\" value=\"155\"\/>\n\t\t\t\n\t\t\t<div class=\"elementor-form-fields-wrapper elementor-labels-above\">\n\t\t\t\t\t\t\t\t<div class=\"elementor-field-type-text elementor-field-group elementor-column elementor-field-group-naam elementor-col-100 elementor-field-required\">\n\t\t\t\t\t\t\t\t\t\t\t\t<label for=\"form-field-naam\" class=\"elementor-field-label\">\n\t\t\t\t\t\t\t\tName\t\t\t\t\t\t\t<\/label>\n\t\t\t\t\t\t\t\t\t\t\t\t\t\t<input size=\"1\" type=\"text\" name=\"form_fields[naam]\" id=\"form-field-naam\" class=\"elementor-field elementor-size-lg  elementor-field-textual\" placeholder=\"Name\" required=\"required\">\n\t\t\t\t\t\t\t\t\t\t\t<\/div>\n\t\t\t\t\t\t\t\t<div class=\"elementor-field-type-email elementor-field-group elementor-column elementor-field-group-email elementor-col-100\">\n\t\t\t\t\t\t\t\t\t\t\t\t<label for=\"form-field-email\" class=\"elementor-field-label\">\n\t\t\t\t\t\t\t\tE-Mail Adresse\t\t\t\t\t\t\t<\/label>\n\t\t\t\t\t\t\t\t\t\t\t\t\t\t<input size=\"1\" type=\"email\" name=\"form_fields[email]\" id=\"form-field-email\" class=\"elementor-field elementor-size-lg  elementor-field-textual\" placeholder=\"E-Mail Adresse\">\n\t\t\t\t\t\t\t\t\t\t\t<\/div>\n\t\t\t\t\t\t\t\t<div class=\"elementor-field-type-tel elementor-field-group elementor-column elementor-field-group-telefoon elementor-col-100\">\n\t\t\t\t\t\t\t\t\t\t\t\t<label for=\"form-field-telefoon\" class=\"elementor-field-label\">\n\t\t\t\t\t\t\t\tRufnummer\t\t\t\t\t\t\t<\/label>\n\t\t\t\t\t\t\t\t<input size=\"1\" type=\"tel\" name=\"form_fields[telefoon]\" id=\"form-field-telefoon\" class=\"elementor-field elementor-size-lg  elementor-field-textual\" placeholder=\"Rufnummer\" pattern=\"[0-9()#&amp;+*-=.]+\" title=\"Alleen getallen en telefoontekens (#, -, *, enz.) worden geaccepteerd.\">\n\n\t\t\t\t\t\t<\/div>\n\t\t\t\t\t\t\t\t<div class=\"elementor-field-type-textarea elementor-field-group elementor-column elementor-field-group-opmerking elementor-col-100\">\n\t\t\t\t\t\t\t\t\t\t\t\t<label for=\"form-field-opmerking\" class=\"elementor-field-label\">\n\t\t\t\t\t\t\t\tKommentare oder Sonderw\u00fcnsche\t\t\t\t\t\t\t<\/label>\n\t\t\t\t\t\t<textarea class=\"elementor-field-textual elementor-field  elementor-size-lg\" name=\"form_fields[opmerking]\" id=\"form-field-opmerking\" rows=\"4\" placeholder=\"Kommentare oder Sonderw\u00fcnsche\"><\/textarea>\t\t\t\t<\/div>\n\t\t\t\t\t\t\t\t<div class=\"elementor-field-type-recaptcha_v3 elementor-field-group elementor-column elementor-field-group-field_55b551b elementor-col-100 recaptcha_v3-bottomright\">\n\t\t\t\t\t<div class=\"elementor-field\" id=\"form-field-field_55b551b\"><div class=\"elementor-g-recaptcha\" data-sitekey=\"6LceHtwZAAAAAL6t0HqlZn-TdnVsQ8taFE9ZUT0v\" data-type=\"v3\" data-action=\"Form\" data-badge=\"bottomright\" data-size=\"invisible\"><\/div><\/div>\t\t\t\t<\/div>\n\t\t\t\t\t\t\t\t<div class=\"elementor-field-group elementor-column elementor-field-type-submit elementor-col-100 e-form__buttons\">\n\t\t\t\t\t<button class=\"elementor-button elementor-size-sm\" type=\"submit\">\n\t\t\t\t\t\t<span class=\"elementor-button-content-wrapper\">\n\t\t\t\t\t\t\t\t\t\t\t\t\t\t\t\t\t\t\t\t\t\t<span class=\"elementor-button-text\">Senden Sie<\/span>\n\t\t\t\t\t\t\t\t\t\t\t\t\t<\/span>\n\t\t\t\t\t<\/button>\n\t\t\t\t<\/div>\n\t\t\t<\/div>\n\t\t<input type=\"hidden\" name=\"trp-form-language\" value=\"de\"\/><\/form>\n\t\t\t\t\t\t<\/div>\n\t\t\t\t<\/div>\n\t\t\t\t<\/div>\n\t\t\t\t<\/div>\n\t\t\t\t\t<\/div>\n\t\t\t\t<\/div>\n\t\t\t\t<\/div>","protected":false},"excerpt":{"rendered":"<p>Kontakt Nehmen Sie Kontakt auf mit Maasplant in Zundert. Kontaktformular Wir helfen Ihnen Wir sind f\u00fcr Sie da! Kontaktieren Sie uns \u00fcber die unten stehenden Angaben oder f\u00fcllen Sie das Kontaktformular aus. Wir werden Ihnen so schnell wie m\u00f6glich antworten. Telefonnummer 0031(0) 76 597 0800 E-Mail maasplant@maasplant.nl Adresse Prof.H. v\/d Hoevenstraat 10b 4882 JE Zundert (NL) Senden [...]<\/p>","protected":false},"author":1,"featured_media":0,"parent":0,"menu_order":0,"comment_status":"closed","ping_status":"closed","template":"","meta":{"_acf_changed":false,"inline_featured_image":false,"footnotes":""},"class_list":["post-155","page","type-page","status-publish","hentry"],"acf":[],"yoast_head":"<!-- This site is optimized with the Yoast SEO plugin v26.2 - https:\/\/yoast.com\/wordpress\/plugins\/seo\/ -->\n<title>Contact | Maas Plant | uw leverancier van groen!<\/title>\n<meta name=\"description\" content=\"Belt u graag of stuurt u liever een mailtje naar Maasplant? Het kan allemaal! We komen graag met u in contact.\" \/>\n<meta name=\"robots\" content=\"index, follow, max-snippet:-1, max-image-preview:large, max-video-preview:-1\" \/>\n<link rel=\"canonical\" href=\"https:\/\/www.maasplant.com\/de\/kontaktieren\/\" \/>\n<meta property=\"og:locale\" content=\"de_DE\" \/>\n<meta property=\"og:type\" content=\"article\" \/>\n<meta property=\"og:title\" content=\"Contact | Maas Plant | uw leverancier van groen!\" \/>\n<meta property=\"og:description\" content=\"Belt u graag of stuurt u liever een mailtje naar Maasplant? Het kan allemaal! We komen graag met u in contact.\" \/>\n<meta property=\"og:url\" content=\"https:\/\/www.maasplant.com\/de\/kontaktieren\/\" \/>\n<meta property=\"og:site_name\" content=\"www.maasplant.com\" \/>\n<meta property=\"article:modified_time\" content=\"2025-07-01T11:33:40+00:00\" \/>\n<meta property=\"og:image\" content=\"https:\/\/www.maasplant.com\/wp-content\/uploads\/2023\/05\/Banner-Maas-Plant-06-1.png\" \/>\n\t<meta property=\"og:image:width\" content=\"1190\" \/>\n\t<meta property=\"og:image:height\" content=\"781\" \/>\n\t<meta property=\"og:image:type\" content=\"image\/png\" \/>\n<meta name=\"twitter:card\" content=\"summary_large_image\" \/>\n<meta name=\"twitter:label1\" content=\"Gesch\u00e4tzte Lesezeit\" \/>\n\t<meta name=\"twitter:data1\" content=\"1\u00a0Minute\" \/>\n<script type=\"application\/ld+json\" class=\"yoast-schema-graph\">{\"@context\":\"https:\/\/schema.org\",\"@graph\":[{\"@type\":\"WebPage\",\"@id\":\"https:\/\/www.maasplant.com\/de\/kontaktieren\/\",\"url\":\"https:\/\/www.maasplant.com\/de\/kontaktieren\/\",\"name\":\"Contact | Maas Plant | uw leverancier van groen!\",\"isPartOf\":{\"@id\":\"https:\/\/www.maasplant.com\/de\/#website\"},\"primaryImageOfPage\":{\"@id\":\"https:\/\/www.maasplant.com\/de\/kontaktieren\/#primaryimage\"},\"image\":{\"@id\":\"https:\/\/www.maasplant.com\/de\/kontaktieren\/#primaryimage\"},\"thumbnailUrl\":\"https:\/\/www.maasplant.com\/wp-content\/uploads\/2023\/05\/Banner-Maas-Plant-06-1-1024x672.png\",\"datePublished\":\"2020-07-23T09:56:28+00:00\",\"dateModified\":\"2025-07-01T11:33:40+00:00\",\"description\":\"Belt u graag of stuurt u liever een mailtje naar Maasplant? Het kan allemaal! We komen graag met u in contact.\",\"breadcrumb\":{\"@id\":\"https:\/\/www.maasplant.com\/de\/kontaktieren\/#breadcrumb\"},\"inLanguage\":\"de\",\"potentialAction\":[{\"@type\":\"ReadAction\",\"target\":[\"https:\/\/www.maasplant.com\/de\/kontaktieren\/\"]}]},{\"@type\":\"ImageObject\",\"inLanguage\":\"de\",\"@id\":\"https:\/\/www.maasplant.com\/de\/kontaktieren\/#primaryimage\",\"url\":\"https:\/\/www.maasplant.com\/wp-content\/uploads\/2023\/05\/Banner-Maas-Plant-06-1-1024x672.png\",\"contentUrl\":\"https:\/\/www.maasplant.com\/wp-content\/uploads\/2023\/05\/Banner-Maas-Plant-06-1-1024x672.png\"},{\"@type\":\"BreadcrumbList\",\"@id\":\"https:\/\/www.maasplant.com\/de\/kontaktieren\/#breadcrumb\",\"itemListElement\":[{\"@type\":\"ListItem\",\"position\":1,\"name\":\"Home\",\"item\":\"https:\/\/www.maasplant.com\/\"},{\"@type\":\"ListItem\",\"position\":2,\"name\":\"Contact\"}]},{\"@type\":\"WebSite\",\"@id\":\"https:\/\/www.maasplant.com\/de\/#website\",\"url\":\"https:\/\/www.maasplant.com\/de\/\",\"name\":\"www.maasplant.com\",\"description\":\"\",\"publisher\":{\"@id\":\"https:\/\/www.maasplant.com\/de\/#organization\"},\"potentialAction\":[{\"@type\":\"SearchAction\",\"target\":{\"@type\":\"EntryPoint\",\"urlTemplate\":\"https:\/\/www.maasplant.com\/de\/?s={search_term_string}\"},\"query-input\":{\"@type\":\"PropertyValueSpecification\",\"valueRequired\":true,\"valueName\":\"search_term_string\"}}],\"inLanguage\":\"de\"},{\"@type\":\"Organization\",\"@id\":\"https:\/\/www.maasplant.com\/de\/#organization\",\"name\":\"www.maasplant.com\",\"url\":\"https:\/\/www.maasplant.com\/de\/\",\"logo\":{\"@type\":\"ImageObject\",\"inLanguage\":\"de\",\"@id\":\"https:\/\/www.maasplant.com\/de\/#\/schema\/logo\/image\/\",\"url\":\"https:\/\/www.maasplant.com\/wp-content\/uploads\/2020\/07\/Logo-maasplant-vlinder.svg\",\"contentUrl\":\"https:\/\/www.maasplant.com\/wp-content\/uploads\/2020\/07\/Logo-maasplant-vlinder.svg\",\"width\":71,\"height\":72,\"caption\":\"www.maasplant.com\"},\"image\":{\"@id\":\"https:\/\/www.maasplant.com\/de\/#\/schema\/logo\/image\/\"}}]}<\/script>\n<!-- \/ Yoast SEO plugin. -->","yoast_head_json":{"title":"Kontaktieren Sie Maas Plant | Ihr Lieferant f\u00fcr Gr\u00fcnpflanzen!","description":"M\u00f6chten Sie anrufen oder lieber eine E-Mail an Maasplant schicken? Das ist alles m\u00f6glich! Wir w\u00fcrden uns freuen, mit Ihnen in Kontakt zu treten.","robots":{"index":"index","follow":"follow","max-snippet":"max-snippet:-1","max-image-preview":"max-image-preview:large","max-video-preview":"max-video-preview:-1"},"canonical":"https:\/\/www.maasplant.com\/de\/kontaktieren\/","og_locale":"de_DE","og_type":"article","og_title":"Contact | Maas Plant | uw leverancier van groen!","og_description":"Belt u graag of stuurt u liever een mailtje naar Maasplant? Het kan allemaal! We komen graag met u in contact.","og_url":"https:\/\/www.maasplant.com\/de\/kontaktieren\/","og_site_name":"www.maasplant.com","article_modified_time":"2025-07-01T11:33:40+00:00","og_image":[{"width":1190,"height":781,"url":"https:\/\/www.maasplant.com\/wp-content\/uploads\/2023\/05\/Banner-Maas-Plant-06-1.png","type":"image\/png"}],"twitter_card":"summary_large_image","twitter_misc":{"Gesch\u00e4tzte Lesezeit":"1\u00a0Minute"},"schema":{"@context":"https:\/\/schema.org","@graph":[{"@type":"WebPage","@id":"https:\/\/www.maasplant.com\/de\/kontaktieren\/","url":"https:\/\/www.maasplant.com\/de\/kontaktieren\/","name":"Kontaktieren Sie Maas Plant | Ihr Lieferant f\u00fcr Gr\u00fcnpflanzen!","isPartOf":{"@id":"https:\/\/www.maasplant.com\/de\/#website"},"primaryImageOfPage":{"@id":"https:\/\/www.maasplant.com\/de\/kontaktieren\/#primaryimage"},"image":{"@id":"https:\/\/www.maasplant.com\/de\/kontaktieren\/#primaryimage"},"thumbnailUrl":"https:\/\/www.maasplant.com\/wp-content\/uploads\/2023\/05\/Banner-Maas-Plant-06-1-1024x672.png","datePublished":"2020-07-23T09:56:28+00:00","dateModified":"2025-07-01T11:33:40+00:00","description":"M\u00f6chten Sie anrufen oder lieber eine E-Mail an Maasplant schicken? Das ist alles m\u00f6glich! Wir w\u00fcrden uns freuen, mit Ihnen in Kontakt zu treten.","breadcrumb":{"@id":"https:\/\/www.maasplant.com\/de\/kontaktieren\/#breadcrumb"},"inLanguage":"de","potentialAction":[{"@type":"ReadAction","target":["https:\/\/www.maasplant.com\/de\/kontaktieren\/"]}]},{"@type":"ImageObject","inLanguage":"de","@id":"https:\/\/www.maasplant.com\/de\/kontaktieren\/#primaryimage","url":"https:\/\/www.maasplant.com\/wp-content\/uploads\/2023\/05\/Banner-Maas-Plant-06-1-1024x672.png","contentUrl":"https:\/\/www.maasplant.com\/wp-content\/uploads\/2023\/05\/Banner-Maas-Plant-06-1-1024x672.png"},{"@type":"BreadcrumbList","@id":"https:\/\/www.maasplant.com\/de\/kontaktieren\/#breadcrumb","itemListElement":[{"@type":"ListItem","position":1,"name":"Home","item":"https:\/\/www.maasplant.com\/"},{"@type":"ListItem","position":2,"name":"Contact"}]},{"@type":"WebSite","@id":"https:\/\/www.maasplant.com\/de\/#website","url":"https:\/\/www.maasplant.com\/de\/","name":"www.maasplant.com","description":"","publisher":{"@id":"https:\/\/www.maasplant.com\/de\/#organization"},"potentialAction":[{"@type":"SearchAction","target":{"@type":"EntryPoint","urlTemplate":"https:\/\/www.maasplant.com\/de\/?s={search_term_string}"},"query-input":{"@type":"PropertyValueSpecification","valueRequired":true,"valueName":"search_term_string"}}],"inLanguage":"de"},{"@type":"Organization","@id":"https:\/\/www.maasplant.com\/de\/#organization","name":"www.maasplant.com","url":"https:\/\/www.maasplant.com\/de\/","logo":{"@type":"ImageObject","inLanguage":"de","@id":"https:\/\/www.maasplant.com\/de\/#\/schema\/logo\/image\/","url":"https:\/\/www.maasplant.com\/wp-content\/uploads\/2020\/07\/Logo-maasplant-vlinder.svg","contentUrl":"https:\/\/www.maasplant.com\/wp-content\/uploads\/2020\/07\/Logo-maasplant-vlinder.svg","width":71,"height":72,"caption":"www.maasplant.com"},"image":{"@id":"https:\/\/www.maasplant.com\/de\/#\/schema\/logo\/image\/"}}]}},"_links":{"self":[{"href":"https:\/\/www.maasplant.com\/de\/wp-json\/wp\/v2\/pages\/155","targetHints":{"allow":["GET"]}}],"collection":[{"href":"https:\/\/www.maasplant.com\/de\/wp-json\/wp\/v2\/pages"}],"about":[{"href":"https:\/\/www.maasplant.com\/de\/wp-json\/wp\/v2\/types\/page"}],"author":[{"embeddable":true,"href":"https:\/\/www.maasplant.com\/de\/wp-json\/wp\/v2\/users\/1"}],"replies":[{"embeddable":true,"href":"https:\/\/www.maasplant.com\/de\/wp-json\/wp\/v2\/comments?post=155"}],"version-history":[{"count":81,"href":"https:\/\/www.maasplant.com\/de\/wp-json\/wp\/v2\/pages\/155\/revisions"}],"predecessor-version":[{"id":3844,"href":"https:\/\/www.maasplant.com\/de\/wp-json\/wp\/v2\/pages\/155\/revisions\/3844"}],"wp:attachment":[{"href":"https:\/\/www.maasplant.com\/de\/wp-json\/wp\/v2\/media?parent=155"}],"curies":[{"name":"wp","href":"https:\/\/api.w.org\/{rel}","templated":true}]}}